{"id":4279,"date":"2015-05-28T21:23:53","date_gmt":"2015-05-28T18:23:53","guid":{"rendered":"https:\/\/peaasi.ee\/ru\/kontakt\/"},"modified":"2026-03-09T09:38:20","modified_gmt":"2026-03-09T07:38:20","slug":"kontakt","status":"publish","type":"page","link":"https:\/\/peaasi.ee\/ru\/kontakt\/","title":{"rendered":"Kontakt"},"content":{"rendered":"<div class=\"wpb-content-wrapper\"><div id=\"fb-root\"><\/div>\n[vc_row][vc_column width=&#187;1\/3&#8243;][vc_column_text css=&#187;&#187;]MT\u00dc Peaasjad<\/p>\n<p>Peaasjade keskuse n\u00f5ustamine<\/p>\n<p>VALIK programmi n\u00f5ustamine<\/p>\n<p>Manee\u017ei 3<br \/>\n10117, Tallinn<\/p>\n<p><a href=\"https:\/\/goo.gl\/maps\/Da98N9aAEzAXwhhQ9\" target=\"_blank\" rel=\"noopener\">Vaata kaardil (Google Maps)<\/a><\/p>\n<p>Peaasi.ee kooskonna kontaktid leiate <strong><a href=\"https:\/\/peaasi.ee\/kooskond\/\">SIIT<\/a><\/strong>[\/vc_column_text][\/vc_column][vc_column width=&#187;1\/3&#8243;][vc_column_text]\n<p style=\"text-align: center;\">Reg. nr: 80295357<br \/>\nSwedbank<br \/>\nEE262200221054190282[\/vc_column_text][\/vc_column][vc_column width=&#187;1\/3&#8243;][vc_column_text css=&#187;&#187;]\n<p style=\"text-align: right;\">Kliinik:<br \/>\nkliinik@peaasi.ee<br \/>\n+372 5190 3124 (E-R 9:00-13:00)<\/p>\n[\/vc_column_text][vc_column_text css=&#187;&#187;]\n<p style=\"text-align: right;\">Noorten\u00f5ustamine:<br \/>\nnoortenoustamine@peaasi.ee<br \/>\n+372 5692 9142 (E-R 9:00-13:00)<\/p>\n[\/vc_column_text][vc_btn title=&#187;Kui tunned, et vajad abi&#187; color=&#187;pink&#187; align=&#187;right&#187; custom_onclick=&#187;true&#187; link=&#187;url:https%3A%2F%2Fnoustamine.peaasi.ee%2Fkysi-noustajalt&#187;][vc_column_text]\n<p style=\"text-align: right;\">VALIK programm:<br \/>\n+372 516 3356[\/vc_column_text][vc_btn title=&#187;Registreeri VALIK programmi&#187; color=&#187;green&#187; align=&#187;right&#187; custom_onclick=&#187;true&#187; link=&#187;url:https%3A%2F%2Fnoustamine.peaasi.ee%2Fvalik&#187;][vc_column_text css=&#187;&#187;]\n<p style=\"text-align: right;\">Meediakontakt:<br \/>\n+372 55635529<br \/>\n<strong>peaasi@peaasi.ee<\/strong><br \/>\npeaasi.ee[\/vc_column_text][\/vc_column][\/vc_row][vc_row][vc_column][vc_column_text]<strong>Anneta Peaasjale<\/strong>:<\/p>\n<p>MT\u00dc Peaasjad EE262200221054190282 Swedbank<\/p>\n<p>Peaasjad kasutavad annetusi Eesti noorte vaimse tervise parandamise huvides.<br \/>\nPeaasjad on kantud tulumaksusoodustusega MT\u00dcde nimekirja. Annetuste kasutamisel j\u00e4rgime Annetuste kogumise hea tava. Kui Sul on konkreetne suund v\u00f5i m\u00f5te, mille jaoks v\u00f5iksime annetust kasutada, kirjuta meile: peaasi@peaasi.ee. <a href=\"https:\/\/peaasi.ee\/wp-content\/uploads\/2020\/01\/Annetuste-tingimused.pdf\">Annetuste tingimused<\/a>[\/vc_column_text][\/vc_column][\/vc_row]\n<\/div>","protected":false},"excerpt":{"rendered":"<p>[vc_row][vc_column width=&#187;1\/3&#8243;][vc_column_text css=&#187;&#187;]MT\u00dc Peaasjad Peaasjade keskuse n\u00f5ustamine VALIK programmi n\u00f5ustamine Manee\u017ei 3 10117, Tallinn Vaata kaardil (Google Maps) Peaasi.ee kooskonna kontaktid leiate SIIT[\/vc_column_text][\/vc_column][vc_column width=&#187;1\/3&#8243;][vc_column_text] Reg. nr: 80295357 Swedbank EE262200221054190282[\/vc_column_text][\/vc_column][vc_column width=&#187;1\/3&#8243;][vc_column_text css=&#187;&#187;] Kliinik: kliinik@peaasi.ee +372 5190 3124 (E-R 9:00-13:00) [\/vc_column_text][vc_column_text css=&#187;&#187;] Noorten\u00f5ustamine: noortenoustamine@peaasi.ee +372 5692 9142 (E-R 9:00-13:00) [\/vc_column_text][vc_btn title=&#187;Kui tunned, et vajad abi&#187; color=&#187;pink&#187; align=&#187;right&#187;<\/p>\n","protected":false},"author":6,"featured_media":0,"parent":0,"menu_order":0,"comment_status":"closed","ping_status":"closed","template":"","meta":{"_monsterinsights_skip_tracking":false,"_monsterinsights_sitenote_active":false,"_monsterinsights_sitenote_note":"","_monsterinsights_sitenote_category":0,"footnotes":""},"class_list":["post-4279","page","type-page","status-publish","hentry"],"yoast_head":"<!-- This site is optimized with the Yoast SEO plugin v27.0 - https:\/\/yoast.com\/product\/yoast-seo-wordpress\/ -->\n<title>Kontakt &#8211; Peaasi.ee<\/title>\n<meta name=\"robots\" content=\"index, follow, max-snippet:-1, max-image-preview:large, max-video-preview:-1\" \/>\n<link rel=\"canonical\" href=\"https:\/\/peaasi.ee\/ru\/kontakt\/\" \/>\n<meta property=\"og:locale\" content=\"ru_RU\" \/>\n<meta property=\"og:type\" content=\"article\" \/>\n<meta property=\"og:title\" content=\"Kontakt &#8211; Peaasi.ee\" \/>\n<meta property=\"og:description\" content=\"[vc_row][vc_column width=&#187;1\/3&#8243;][vc_column_text css=&#187;&#187;]MT\u00dc Peaasjad Peaasjade keskuse n\u00f5ustamine VALIK programmi n\u00f5ustamine Manee\u017ei 3 10117, Tallinn Vaata kaardil (Google Maps) Peaasi.ee kooskonna kontaktid leiate SIIT[\/vc_column_text][\/vc_column][vc_column width=&#187;1\/3&#8243;][vc_column_text] Reg. nr: 80295357 Swedbank EE262200221054190282[\/vc_column_text][\/vc_column][vc_column width=&#187;1\/3&#8243;][vc_column_text css=&#187;&#187;] Kliinik: kliinik@peaasi.ee +372 5190 3124 (E-R 9:00-13:00) [\/vc_column_text][vc_column_text css=&#187;&#187;] Noorten\u00f5ustamine: noortenoustamine@peaasi.ee +372 5692 9142 (E-R 9:00-13:00) [\/vc_column_text][vc_btn title=&#187;Kui tunned, et vajad abi&#187; color=&#187;pink&#187; align=&#187;right&#187;\" \/>\n<meta property=\"og:url\" content=\"https:\/\/peaasi.ee\/ru\/kontakt\/\" \/>\n<meta property=\"og:site_name\" content=\"Peaasi.ee\" \/>\n<meta property=\"article:publisher\" content=\"https:\/\/www.facebook.com\/Peaasi.ee\" \/>\n<meta property=\"article:modified_time\" content=\"2026-03-09T07:38:20+00:00\" \/>\n<meta name=\"twitter:card\" content=\"summary_large_image\" \/>\n<script type=\"application\/ld+json\" class=\"yoast-schema-graph\">{\"@context\":\"https:\/\/schema.org\",\"@graph\":[{\"@type\":\"WebPage\",\"@id\":\"https:\/\/peaasi.ee\/ru\/kontakt\/\",\"url\":\"https:\/\/peaasi.ee\/ru\/kontakt\/\",\"name\":\"Kontakt &#8211; Peaasi.ee\",\"isPartOf\":{\"@id\":\"https:\/\/peaasi.ee\/#website\"},\"datePublished\":\"2015-05-28T18:23:53+00:00\",\"dateModified\":\"2026-03-09T07:38:20+00:00\",\"breadcrumb\":{\"@id\":\"https:\/\/peaasi.ee\/ru\/kontakt\/#breadcrumb\"},\"inLanguage\":\"ru-RU\",\"potentialAction\":[{\"@type\":\"ReadAction\",\"target\":[\"https:\/\/peaasi.ee\/ru\/kontakt\/\"]}]},{\"@type\":\"BreadcrumbList\",\"@id\":\"https:\/\/peaasi.ee\/ru\/kontakt\/#breadcrumb\",\"itemListElement\":[{\"@type\":\"ListItem\",\"position\":1,\"name\":\"Home\",\"item\":\"https:\/\/peaasi.ee\/ru\/avaleht\/\"},{\"@type\":\"ListItem\",\"position\":2,\"name\":\"Kontakt\"}]},{\"@type\":\"WebSite\",\"@id\":\"https:\/\/peaasi.ee\/#website\",\"url\":\"https:\/\/peaasi.ee\/\",\"name\":\"Peaasi.ee\",\"description\":\"Vaimse tervise organisatsioon\",\"publisher\":{\"@id\":\"https:\/\/peaasi.ee\/#organization\"},\"potentialAction\":[{\"@type\":\"SearchAction\",\"target\":{\"@type\":\"EntryPoint\",\"urlTemplate\":\"https:\/\/peaasi.ee\/?s={search_term_string}\"},\"query-input\":{\"@type\":\"PropertyValueSpecification\",\"valueRequired\":true,\"valueName\":\"search_term_string\"}}],\"inLanguage\":\"ru-RU\"},{\"@type\":\"Organization\",\"@id\":\"https:\/\/peaasi.ee\/#organization\",\"name\":\"Peaasi.ee\",\"alternateName\":\"Peaasjad\",\"url\":\"https:\/\/peaasi.ee\/\",\"logo\":{\"@type\":\"ImageObject\",\"inLanguage\":\"ru-RU\",\"@id\":\"https:\/\/peaasi.ee\/#\/schema\/logo\/image\/\",\"url\":\"https:\/\/peaasi.ee\/wp-content\/uploads\/2016\/01\/peaasi-logo.jpg\",\"contentUrl\":\"https:\/\/peaasi.ee\/wp-content\/uploads\/2016\/01\/peaasi-logo.jpg\",\"width\":500,\"height\":219,\"caption\":\"Peaasi.ee\"},\"image\":{\"@id\":\"https:\/\/peaasi.ee\/#\/schema\/logo\/image\/\"},\"sameAs\":[\"https:\/\/www.facebook.com\/Peaasi.ee\"]}]}<\/script>\n<!-- \/ Yoast SEO plugin. -->","yoast_head_json":{"title":"Kontakt &#8211; Peaasi.ee","robots":{"index":"index","follow":"follow","max-snippet":"max-snippet:-1","max-image-preview":"max-image-preview:large","max-video-preview":"max-video-preview:-1"},"canonical":"https:\/\/peaasi.ee\/ru\/kontakt\/","og_locale":"ru_RU","og_type":"article","og_title":"Kontakt &#8211; Peaasi.ee","og_description":"[vc_row][vc_column width=&#187;1\/3&#8243;][vc_column_text css=&#187;&#187;]MT\u00dc Peaasjad Peaasjade keskuse n\u00f5ustamine VALIK programmi n\u00f5ustamine Manee\u017ei 3 10117, Tallinn Vaata kaardil (Google Maps) Peaasi.ee kooskonna kontaktid leiate SIIT[\/vc_column_text][\/vc_column][vc_column width=&#187;1\/3&#8243;][vc_column_text] Reg. nr: 80295357 Swedbank EE262200221054190282[\/vc_column_text][\/vc_column][vc_column width=&#187;1\/3&#8243;][vc_column_text css=&#187;&#187;] Kliinik: kliinik@peaasi.ee +372 5190 3124 (E-R 9:00-13:00) [\/vc_column_text][vc_column_text css=&#187;&#187;] Noorten\u00f5ustamine: noortenoustamine@peaasi.ee +372 5692 9142 (E-R 9:00-13:00) [\/vc_column_text][vc_btn title=&#187;Kui tunned, et vajad abi&#187; color=&#187;pink&#187; align=&#187;right&#187;","og_url":"https:\/\/peaasi.ee\/ru\/kontakt\/","og_site_name":"Peaasi.ee","article_publisher":"https:\/\/www.facebook.com\/Peaasi.ee","article_modified_time":"2026-03-09T07:38:20+00:00","twitter_card":"summary_large_image","schema":{"@context":"https:\/\/schema.org","@graph":[{"@type":"WebPage","@id":"https:\/\/peaasi.ee\/ru\/kontakt\/","url":"https:\/\/peaasi.ee\/ru\/kontakt\/","name":"Kontakt &#8211; Peaasi.ee","isPartOf":{"@id":"https:\/\/peaasi.ee\/#website"},"datePublished":"2015-05-28T18:23:53+00:00","dateModified":"2026-03-09T07:38:20+00:00","breadcrumb":{"@id":"https:\/\/peaasi.ee\/ru\/kontakt\/#breadcrumb"},"inLanguage":"ru-RU","potentialAction":[{"@type":"ReadAction","target":["https:\/\/peaasi.ee\/ru\/kontakt\/"]}]},{"@type":"BreadcrumbList","@id":"https:\/\/peaasi.ee\/ru\/kontakt\/#breadcrumb","itemListElement":[{"@type":"ListItem","position":1,"name":"Home","item":"https:\/\/peaasi.ee\/ru\/avaleht\/"},{"@type":"ListItem","position":2,"name":"Kontakt"}]},{"@type":"WebSite","@id":"https:\/\/peaasi.ee\/#website","url":"https:\/\/peaasi.ee\/","name":"Peaasi.ee","description":"Vaimse tervise organisatsioon","publisher":{"@id":"https:\/\/peaasi.ee\/#organization"},"potentialAction":[{"@type":"SearchAction","target":{"@type":"EntryPoint","urlTemplate":"https:\/\/peaasi.ee\/?s={search_term_string}"},"query-input":{"@type":"PropertyValueSpecification","valueRequired":true,"valueName":"search_term_string"}}],"inLanguage":"ru-RU"},{"@type":"Organization","@id":"https:\/\/peaasi.ee\/#organization","name":"Peaasi.ee","alternateName":"Peaasjad","url":"https:\/\/peaasi.ee\/","logo":{"@type":"ImageObject","inLanguage":"ru-RU","@id":"https:\/\/peaasi.ee\/#\/schema\/logo\/image\/","url":"https:\/\/peaasi.ee\/wp-content\/uploads\/2016\/01\/peaasi-logo.jpg","contentUrl":"https:\/\/peaasi.ee\/wp-content\/uploads\/2016\/01\/peaasi-logo.jpg","width":500,"height":219,"caption":"Peaasi.ee"},"image":{"@id":"https:\/\/peaasi.ee\/#\/schema\/logo\/image\/"},"sameAs":["https:\/\/www.facebook.com\/Peaasi.ee"]}]}},"_links":{"self":[{"href":"https:\/\/peaasi.ee\/ru\/wp-json\/wp\/v2\/pages\/4279","targetHints":{"allow":["GET"]}}],"collection":[{"href":"https:\/\/peaasi.ee\/ru\/wp-json\/wp\/v2\/pages"}],"about":[{"href":"https:\/\/peaasi.ee\/ru\/wp-json\/wp\/v2\/types\/page"}],"author":[{"embeddable":true,"href":"https:\/\/peaasi.ee\/ru\/wp-json\/wp\/v2\/users\/6"}],"replies":[{"embeddable":true,"href":"https:\/\/peaasi.ee\/ru\/wp-json\/wp\/v2\/comments?post=4279"}],"version-history":[{"count":15,"href":"https:\/\/peaasi.ee\/ru\/wp-json\/wp\/v2\/pages\/4279\/revisions"}],"predecessor-version":[{"id":28532,"href":"https:\/\/peaasi.ee\/ru\/wp-json\/wp\/v2\/pages\/4279\/revisions\/28532"}],"wp:attachment":[{"href":"https:\/\/peaasi.ee\/ru\/wp-json\/wp\/v2\/media?parent=4279"}],"curies":[{"name":"wp","href":"https:\/\/api.w.org\/{rel}","templated":true}]}}