{"id":4194,"date":"2014-11-22T15:05:46","date_gmt":"2014-11-22T13:05:46","guid":{"rendered":"https:\/\/peaasi.ee\/ru\/meist\/"},"modified":"2025-08-14T14:07:37","modified_gmt":"2025-08-14T11:07:37","slug":"%d0%be-%d0%bd%d0%b0%d1%81","status":"publish","type":"page","link":"https:\/\/peaasi.ee\/ru\/%d0%be-%d0%bd%d0%b0%d1%81\/","title":{"rendered":"\u041e \u043d\u0430\u0441"},"content":{"rendered":"<div class=\"wpb-content-wrapper\"><div id=\"fb-root\"><\/div>\n[vc_row][vc_column][vc_column_text css=&#187;&#187;]<strong>Peaasi.ee eesm\u00e4rk on pakkuda \u00fchiskonnale l\u00e4bim\u00f5eldud ja teadusp\u00f5hist tuge vaimse tervisega tegelemisel, et j\u00f5uda olukorrani, kus kogu Eesti v\u00e4\u00e4rtustab vaimset tervist ja kannab selle eest hoolt.<\/strong><\/p>\n<p>Peaasi.ee \u00fchendab inimesi, kes hoolivad vaimsest tervisest. Kooskonda kuuluvad vaimse tervise ning noorte- ja haridusvaldkonna spetsialistid ning kaasam\u00f5tlejad erinevatest eluvaldkondadest. P\u00fc\u00fcdleme vaimse tervise teemade m\u00f5istva, aruka, paindliku, kuid ka optimistliku, kergema ja avatuma k\u00e4sitlemise poole.<\/p>\n<p><strong>Meie v\u00e4\u00e4rtused on:<\/strong><\/p>\n<p>TEADUSP\u00d5HISUS<br \/>\nOleme kursis teadusarengutega vaimse tervise valdkonnas ning l\u00e4htume nendest oma tegevustes.<\/p>\n<p>VABADUS<br \/>\nSeisame selle eest, et meie \u00fchiskond oleks v\u00f5imalikult vaba diskrimineerimisest ja h\u00e4bim\u00e4rgistamisest. Meile on oluline, et inimesed saaksid teha oma otsuseid kvaliteetset ja piisavat infot rakendades, sest see on nii inim\u00f5iguste kasutamise kui vastutuse v\u00f5tmise eelduseks.<\/p>\n<p>HOOLIVUS<br \/>\nInimeseks olemise juures on hoolivus kesksel kohal. Teiste vajadustega arvestamine, hoole kandmine nii enda kui teiste eest on p\u00f5hivajadus, mis aitab ennast h\u00e4sti tunda nii indiviidi tasandil kui sotsiaalsete suhete kontekstis.<\/p>\n<p>AVATUS<br \/>\nOleme avatud uuele teabele, erinevustele, koost\u00f6\u00f6le. T\u00f6\u00f6tame selle nimel, et meie teenused ja info oleksid ligip\u00e4\u00e4setavad ja k\u00e4ttesaadavad k\u00f5igile, kes neid vajavad.<\/p>\n<p>JULGUS<br \/>\nJulgus ette v\u00f5tta uusi asju ja r\u00e4\u00e4kida ka keerulistel teemadel.[\/vc_column_text][vc_cta h2=&#187;&#187; color=&#187;turquoise&#187; css_animation=&#187;appear&#187; css=&#187;.vc_custom_1625572822390{background-color: #a4cee8 !important;}&#187; use_custom_fonts_h4=&#187;true&#187;]Vaimne tervis on inim\u00f5igus. Soovime, et inimestel oleksid k\u00e4ep\u00e4rast vahendid, millega seda \u00f5igust teoks teha.[\/vc_cta][\/vc_column][\/vc_row][vc_row][vc_column][vc_column_text css=&#187;&#187;]<strong>Mida me eesm\u00e4rgi saavutamiseks ette v\u00f5tame?<\/strong><\/p>\n<ul>\n<li>K\u00e4ttesaadavad, kvaliteetsed ja teadusp\u00f5hised <strong><a href=\"https:\/\/peaasi.ee\/peaasjade-keskus\/\">n\u00f5ustamisteenused<\/a><\/strong>. Noortele pakume Peahea n\u00f5ustamist, lisaks e-n\u00f5ustamist ja nii inimlikku kui AI-p\u00f5hist chatti. VALIK programm on m\u00f5eldud inimestele, kes soovivad kanepitarvitamist v\u00e4henedada v\u00f5i l\u00f5petada.<\/li>\n<li><strong><a href=\"https:\/\/peaasi.ee\/koolitused\/\">Koolitused<\/a> <\/strong>teadusp\u00f5histe vaimse tervise teadmiste ja oskuste arendamiseks. Koolitusi pakume organisatsioonidele, noortele, \u00f5petajatele, noorsoot\u00f6\u00f6tajatele ja lapsevanematele.<\/li>\n<li><strong>Toetame <a href=\"https:\/\/peaasi.ee\/tookohal\/\">organisatsioone<\/a><\/strong> vaimset tervist soodustava kultuuri edendamisel. N\u00f5ustame juhte, aitame luua vaimse tervise tegevuskavasid, pakume vaimse tervise arenguprogrammi ning anname v\u00e4lja vaimset tervist v\u00e4\u00e4rtustava organisatsiooni m\u00e4rgist.<\/li>\n<li><strong><a href=\"https:\/\/peaasi.ee\/haridus\/\">Haridusvaldkonnas<\/a><\/strong> aitame vaimse tervise teemadel valdkonda sidustuda ning edendame sotsiaal-emotsionaalsete p\u00e4devuste omandamist.<\/li>\n<li>Katsetame, uurime ja <strong><a href=\"https:\/\/peaasi.ee\/peaasi-seikleb\/\">arendame uusi l\u00e4henemisi<\/a><\/strong>, mis toovad \u00fchiskonda lisav\u00e4\u00e4rtust. Vanemluse suunal <a href=\"https:\/\/peaasi.ee\/raagime-lastest\/\">R\u00e4\u00e4gime lastest<\/a> m\u00f5tteviis, Peaasi ajab naerma, suitsiidiennetus, kliima\u00e4revus, vaimse tervise kohvikud, noorte huvikaitse, haavatavate sihtgruppide (p\u00f5genikud, mehed, LGBTQ) vaimne tervis.<\/li>\n<li>Algatame vestlusi vaimsest tervisest igas \u00fchiskonna kihis, et j\u00f5uda aina l\u00e4hemale oma eesm\u00e4rgi saavutamisele.<\/li>\n<\/ul>\n[\/vc_column_text][vc_message message_box_color=&#187;sky&#187; css=&#187;&#187;]2024. aastal sai Peahea noorten\u00f5ustamist <strong>1771<\/strong>&nbsp;noort.<\/p>\n<p>E-n\u00f5ustamisest ja chat-n\u00f5ustamisest sai tuge <strong>4637<\/strong> inimest.<\/p>\n<p>VALIK n\u00f5ustamises osales<strong> 106<\/strong> uut klienti.<\/p>\n<p>N\u00f5ustamisrobotiga vestles<strong> 4600<\/strong> inimest.[\/vc_message][vc_message message_box_color=&#187;sky&#187; css=&#187;&#187;]<strong>11 641<\/strong>&nbsp;inimest on l\u00e4binud vaimse tervise esmaabi koolituse.<\/p>\n<p>Peaasi.ee koolitustel osales 2024. aastal <strong>3089<\/strong> inimest[\/vc_message][vc_message message_box_color=&#187;sky&#187; css=&#187;&#187;]Peaasi.ee portaalil oli 2024. aastal <strong>1,1 miljonit<\/strong> k\u00fclastajat.<\/p>\n<p>Meedias ilmus ligi<strong> 900<\/strong> Peaasi.ee-ga seotud kajastust.[\/vc_message][vc_message message_box_color=&#187;sky&#187; css=&#187;&#187;]Kaheksas Eesti linnas k\u00fclastasid vaimse tervise kohvikuid <strong>224<\/strong> inimest[\/vc_message][vc_message message_box_color=&#187;orange&#187; css=&#187;&#187;]MT\u00dc Peaasjad autasud:<\/p>\n<p><span style=\"font-weight: 400;\">2015 &#8212; Lasteombudsmani tunnustusauhind \u201eLastega ja lastele\u201c <\/span><\/p>\n<p><span style=\"font-weight: 400;\">2019 &#8212; Inimese\u00f5petuse Aasta Tegu<\/span><\/p>\n<p><span style=\"font-weight: 400;\">2019 &#8212; Aasta Panustaja 2019 Noorte Valdkonnas<\/span><\/p>\n<p><span style=\"font-weight: 400;\">2020 &#8212; Aasta Tervises\u00f5ber\u00a0<\/span><\/p>\n<p><span style=\"font-weight: 400;\">2020 &#8212; Presidendi Sotsiaalt\u00f6\u00f6 aastapreemia<\/span><\/p>\n<p><span style=\"font-weight: 400;\"> 2020 &#8212; Kodaniku\u00fchiskonna Aasta vaba\u00fchendus<\/span><\/p>\n<p>2024 &#8212; Tallinna Aasta hariduse s\u00f5ber ja Haridus-ja Teadusministeeriumi Aasta hariduse s\u00f5bra nominent<\/p>\n<p>2024 &#8212; Aasta Muuseumis\u00f5ber[\/vc_message][vc_cta h2=&#187;&#187; color=&#187;sky&#187; css_animation=&#187;appear&#187; css=&#187;.vc_custom_1625572800636{background-color: #a4cee8 !important;}&#187; use_custom_fonts_h4=&#187;true&#187;]<strong>Anneta Peaasjale:<\/strong><\/p>\n<p>MT\u00dc Peaasjad EE262200221054190282 Swedbank<\/p>\n<p>Peaasjad kasutavad annetusi Eesti noorte vaimse tervise parandamise huvides. Peaasjad on kantud tulumaksusoodustusega MT\u00dcde nimekirja.<\/p>\n<p>Annetuste kasutamisel j\u00e4rgime <a href=\"https:\/\/peaasi.ee\/wp-content\/uploads\/2021\/07\/annetuste-kogumise-hea-tava.pdf\">Annetuste kogumise hea tava<\/a>.<\/p>\n<p>Kui Sul on konkreetne suund v\u00f5i m\u00f5te, mille jaoks v\u00f5iksime annetust kasutada, kirjuta meile: peaasi@peaasi.ee.[\/vc_cta][vc_column_text]MT\u00dc Peaasjad, asutatud aastal 2009.<\/p>\n<p>reg kood:\u00a080295357<\/p>\n<p>Tegutseme aadressil: Maneezi 3, Tallinn, 10117<\/p>\n<p>Email: peaasi@peaasi.ee<\/p>\n<p>Telefon: +372 52 58 156[\/vc_column_text][\/vc_column][\/vc_row][vc_row][vc_column][vc_single_image image=&#187;5457&#8243; onclick=&#187;custom_link&#187; link=&#187;https:\/\/heakodanik.ee\/annetuste-kogumise-hea-tava\/&#187;][\/vc_column][\/vc_row][vc_row][vc_column][vc_btn title=&#187;L\u00e4htume oma tegevustes vaba\u00fchenduste eetikakoodeksist&#187; link=&#187;url:https%3A%2F%2Fheakodanik.ee%2Fvabauhenduste-eetikakoodeks%2F%3Ffbclid%3DIwAR2knvcTErSl1Guf8BTHlfefRWYBCL8VrgDWbGKzJ3VA5TL3CqMfbeDaKCs|&#187;][\/vc_column][\/vc_row][vc_row][vc_column][vc_btn title=&#187;Tutvu Peaasjade p\u00f5hikirja ja majandusaasta aruannetega&#187; color=&#187;info&#187; link=&#187;url:https%3A%2F%2Fpeaasi.ee%2Fmeist%2Fdokumendid%2F|&#187;][\/vc_column][\/vc_row][vc_row][vc_column][\/vc_column][\/vc_row][vc_row][vc_column][\/vc_column][\/vc_row]\n<\/div>","protected":false},"excerpt":{"rendered":"<p>[vc_row][vc_column][vc_column_text css=&#187;&#187;]Peaasi.ee eesm\u00e4rk on pakkuda \u00fchiskonnale l\u00e4bim\u00f5eldud ja teadusp\u00f5hist tuge vaimse tervisega tegelemisel, et j\u00f5uda olukorrani, kus kogu Eesti v\u00e4\u00e4rtustab vaimset tervist ja kannab selle eest hoolt. Peaasi.ee \u00fchendab inimesi, kes hoolivad vaimsest tervisest. Kooskonda kuuluvad vaimse tervise ning noorte- ja haridusvaldkonna spetsialistid ning kaasam\u00f5tlejad erinevatest eluvaldkondadest. P\u00fc\u00fcdleme vaimse tervise teemade m\u00f5istva, aruka, paindliku, kuid<\/p>\n","protected":false},"author":2,"featured_media":0,"parent":0,"menu_order":40,"comment_status":"closed","ping_status":"closed","template":"","meta":{"_monsterinsights_skip_tracking":false,"_monsterinsights_sitenote_active":false,"_monsterinsights_sitenote_note":"","_monsterinsights_sitenote_category":0,"footnotes":""},"class_list":["post-4194","page","type-page","status-publish","hentry"],"yoast_head":"<!-- This site is optimized with the Yoast SEO plugin v27.0 - https:\/\/yoast.com\/product\/yoast-seo-wordpress\/ -->\n<title>\u041e \u043d\u0430\u0441 &#8211; Peaasi.ee<\/title>\n<meta name=\"robots\" content=\"index, follow, max-snippet:-1, max-image-preview:large, max-video-preview:-1\" \/>\n<link rel=\"canonical\" href=\"https:\/\/peaasi.ee\/ru\/\u043e-\u043d\u0430\u0441\/\" \/>\n<meta property=\"og:locale\" content=\"ru_RU\" \/>\n<meta property=\"og:type\" content=\"article\" \/>\n<meta property=\"og:title\" content=\"\u041e \u043d\u0430\u0441 &#8211; Peaasi.ee\" \/>\n<meta property=\"og:description\" content=\"[vc_row][vc_column][vc_column_text css=&#187;&#187;]Peaasi.ee eesm\u00e4rk on pakkuda \u00fchiskonnale l\u00e4bim\u00f5eldud ja teadusp\u00f5hist tuge vaimse tervisega tegelemisel, et j\u00f5uda olukorrani, kus kogu Eesti v\u00e4\u00e4rtustab vaimset tervist ja kannab selle eest hoolt. Peaasi.ee \u00fchendab inimesi, kes hoolivad vaimsest tervisest. Kooskonda kuuluvad vaimse tervise ning noorte- ja haridusvaldkonna spetsialistid ning kaasam\u00f5tlejad erinevatest eluvaldkondadest. P\u00fc\u00fcdleme vaimse tervise teemade m\u00f5istva, aruka, paindliku, kuid\" \/>\n<meta property=\"og:url\" content=\"https:\/\/peaasi.ee\/ru\/\u043e-\u043d\u0430\u0441\/\" \/>\n<meta property=\"og:site_name\" content=\"Peaasi.ee\" \/>\n<meta property=\"article:publisher\" content=\"https:\/\/www.facebook.com\/Peaasi.ee\" \/>\n<meta property=\"article:modified_time\" content=\"2025-08-14T11:07:37+00:00\" \/>\n<meta name=\"twitter:card\" content=\"summary_large_image\" \/>\n<script type=\"application\/ld+json\" class=\"yoast-schema-graph\">{\"@context\":\"https:\/\/schema.org\",\"@graph\":[{\"@type\":\"WebPage\",\"@id\":\"https:\/\/peaasi.ee\/ru\/%d0%be-%d0%bd%d0%b0%d1%81\/\",\"url\":\"https:\/\/peaasi.ee\/ru\/%d0%be-%d0%bd%d0%b0%d1%81\/\",\"name\":\"\u041e \u043d\u0430\u0441 &#8211; Peaasi.ee\",\"isPartOf\":{\"@id\":\"https:\/\/peaasi.ee\/#website\"},\"datePublished\":\"2014-11-22T13:05:46+00:00\",\"dateModified\":\"2025-08-14T11:07:37+00:00\",\"breadcrumb\":{\"@id\":\"https:\/\/peaasi.ee\/ru\/%d0%be-%d0%bd%d0%b0%d1%81\/#breadcrumb\"},\"inLanguage\":\"ru-RU\",\"potentialAction\":[{\"@type\":\"ReadAction\",\"target\":[\"https:\/\/peaasi.ee\/ru\/%d0%be-%d0%bd%d0%b0%d1%81\/\"]}]},{\"@type\":\"BreadcrumbList\",\"@id\":\"https:\/\/peaasi.ee\/ru\/%d0%be-%d0%bd%d0%b0%d1%81\/#breadcrumb\",\"itemListElement\":[{\"@type\":\"ListItem\",\"position\":1,\"name\":\"Home\",\"item\":\"https:\/\/peaasi.ee\/ru\/avaleht\/\"},{\"@type\":\"ListItem\",\"position\":2,\"name\":\"\u041e \u043d\u0430\u0441\"}]},{\"@type\":\"WebSite\",\"@id\":\"https:\/\/peaasi.ee\/#website\",\"url\":\"https:\/\/peaasi.ee\/\",\"name\":\"Peaasi.ee\",\"description\":\"Vaimse tervise organisatsioon\",\"publisher\":{\"@id\":\"https:\/\/peaasi.ee\/#organization\"},\"potentialAction\":[{\"@type\":\"SearchAction\",\"target\":{\"@type\":\"EntryPoint\",\"urlTemplate\":\"https:\/\/peaasi.ee\/?s={search_term_string}\"},\"query-input\":{\"@type\":\"PropertyValueSpecification\",\"valueRequired\":true,\"valueName\":\"search_term_string\"}}],\"inLanguage\":\"ru-RU\"},{\"@type\":\"Organization\",\"@id\":\"https:\/\/peaasi.ee\/#organization\",\"name\":\"Peaasi.ee\",\"alternateName\":\"Peaasjad\",\"url\":\"https:\/\/peaasi.ee\/\",\"logo\":{\"@type\":\"ImageObject\",\"inLanguage\":\"ru-RU\",\"@id\":\"https:\/\/peaasi.ee\/#\/schema\/logo\/image\/\",\"url\":\"https:\/\/peaasi.ee\/wp-content\/uploads\/2016\/01\/peaasi-logo.jpg\",\"contentUrl\":\"https:\/\/peaasi.ee\/wp-content\/uploads\/2016\/01\/peaasi-logo.jpg\",\"width\":500,\"height\":219,\"caption\":\"Peaasi.ee\"},\"image\":{\"@id\":\"https:\/\/peaasi.ee\/#\/schema\/logo\/image\/\"},\"sameAs\":[\"https:\/\/www.facebook.com\/Peaasi.ee\"]}]}<\/script>\n<!-- \/ Yoast SEO plugin. -->","yoast_head_json":{"title":"\u041e \u043d\u0430\u0441 &#8211; Peaasi.ee","robots":{"index":"index","follow":"follow","max-snippet":"max-snippet:-1","max-image-preview":"max-image-preview:large","max-video-preview":"max-video-preview:-1"},"canonical":"https:\/\/peaasi.ee\/ru\/\u043e-\u043d\u0430\u0441\/","og_locale":"ru_RU","og_type":"article","og_title":"\u041e \u043d\u0430\u0441 &#8211; Peaasi.ee","og_description":"[vc_row][vc_column][vc_column_text css=&#187;&#187;]Peaasi.ee eesm\u00e4rk on pakkuda \u00fchiskonnale l\u00e4bim\u00f5eldud ja teadusp\u00f5hist tuge vaimse tervisega tegelemisel, et j\u00f5uda olukorrani, kus kogu Eesti v\u00e4\u00e4rtustab vaimset tervist ja kannab selle eest hoolt. Peaasi.ee \u00fchendab inimesi, kes hoolivad vaimsest tervisest. Kooskonda kuuluvad vaimse tervise ning noorte- ja haridusvaldkonna spetsialistid ning kaasam\u00f5tlejad erinevatest eluvaldkondadest. P\u00fc\u00fcdleme vaimse tervise teemade m\u00f5istva, aruka, paindliku, kuid","og_url":"https:\/\/peaasi.ee\/ru\/\u043e-\u043d\u0430\u0441\/","og_site_name":"Peaasi.ee","article_publisher":"https:\/\/www.facebook.com\/Peaasi.ee","article_modified_time":"2025-08-14T11:07:37+00:00","twitter_card":"summary_large_image","schema":{"@context":"https:\/\/schema.org","@graph":[{"@type":"WebPage","@id":"https:\/\/peaasi.ee\/ru\/%d0%be-%d0%bd%d0%b0%d1%81\/","url":"https:\/\/peaasi.ee\/ru\/%d0%be-%d0%bd%d0%b0%d1%81\/","name":"\u041e \u043d\u0430\u0441 &#8211; Peaasi.ee","isPartOf":{"@id":"https:\/\/peaasi.ee\/#website"},"datePublished":"2014-11-22T13:05:46+00:00","dateModified":"2025-08-14T11:07:37+00:00","breadcrumb":{"@id":"https:\/\/peaasi.ee\/ru\/%d0%be-%d0%bd%d0%b0%d1%81\/#breadcrumb"},"inLanguage":"ru-RU","potentialAction":[{"@type":"ReadAction","target":["https:\/\/peaasi.ee\/ru\/%d0%be-%d0%bd%d0%b0%d1%81\/"]}]},{"@type":"BreadcrumbList","@id":"https:\/\/peaasi.ee\/ru\/%d0%be-%d0%bd%d0%b0%d1%81\/#breadcrumb","itemListElement":[{"@type":"ListItem","position":1,"name":"Home","item":"https:\/\/peaasi.ee\/ru\/avaleht\/"},{"@type":"ListItem","position":2,"name":"\u041e \u043d\u0430\u0441"}]},{"@type":"WebSite","@id":"https:\/\/peaasi.ee\/#website","url":"https:\/\/peaasi.ee\/","name":"Peaasi.ee","description":"Vaimse tervise organisatsioon","publisher":{"@id":"https:\/\/peaasi.ee\/#organization"},"potentialAction":[{"@type":"SearchAction","target":{"@type":"EntryPoint","urlTemplate":"https:\/\/peaasi.ee\/?s={search_term_string}"},"query-input":{"@type":"PropertyValueSpecification","valueRequired":true,"valueName":"search_term_string"}}],"inLanguage":"ru-RU"},{"@type":"Organization","@id":"https:\/\/peaasi.ee\/#organization","name":"Peaasi.ee","alternateName":"Peaasjad","url":"https:\/\/peaasi.ee\/","logo":{"@type":"ImageObject","inLanguage":"ru-RU","@id":"https:\/\/peaasi.ee\/#\/schema\/logo\/image\/","url":"https:\/\/peaasi.ee\/wp-content\/uploads\/2016\/01\/peaasi-logo.jpg","contentUrl":"https:\/\/peaasi.ee\/wp-content\/uploads\/2016\/01\/peaasi-logo.jpg","width":500,"height":219,"caption":"Peaasi.ee"},"image":{"@id":"https:\/\/peaasi.ee\/#\/schema\/logo\/image\/"},"sameAs":["https:\/\/www.facebook.com\/Peaasi.ee"]}]}},"_links":{"self":[{"href":"https:\/\/peaasi.ee\/ru\/wp-json\/wp\/v2\/pages\/4194","targetHints":{"allow":["GET"]}}],"collection":[{"href":"https:\/\/peaasi.ee\/ru\/wp-json\/wp\/v2\/pages"}],"about":[{"href":"https:\/\/peaasi.ee\/ru\/wp-json\/wp\/v2\/types\/page"}],"author":[{"embeddable":true,"href":"https:\/\/peaasi.ee\/ru\/wp-json\/wp\/v2\/users\/2"}],"replies":[{"embeddable":true,"href":"https:\/\/peaasi.ee\/ru\/wp-json\/wp\/v2\/comments?post=4194"}],"version-history":[{"count":1,"href":"https:\/\/peaasi.ee\/ru\/wp-json\/wp\/v2\/pages\/4194\/revisions"}],"predecessor-version":[{"id":26209,"href":"https:\/\/peaasi.ee\/ru\/wp-json\/wp\/v2\/pages\/4194\/revisions\/26209"}],"wp:attachment":[{"href":"https:\/\/peaasi.ee\/ru\/wp-json\/wp\/v2\/media?parent=4194"}],"curies":[{"name":"wp","href":"https:\/\/api.w.org\/{rel}","templated":true}]}}