{"id":3682,"date":"2014-08-27T21:42:33","date_gmt":"2014-08-27T18:42:33","guid":{"rendered":"https:\/\/peaasi.ee\/ru\/avaleht\/"},"modified":"2026-02-23T10:03:16","modified_gmt":"2026-02-23T08:03:16","slug":"avaleht","status":"publish","type":"page","link":"https:\/\/peaasi.ee\/ru\/","title":{"rendered":"Avaleht RU"},"content":{"rendered":"<div class=\"wpb-content-wrapper\"><div id=\"fb-root\"><\/div>\n[vc_row css=&#187;.vc_custom_1720981043146{background-color: #f6f6f6 !important;}&#187;][vc_column css=&#187;.vc_custom_1720806124790{margin-top: 50px !important;}&#187;][vc_images_carousel images=&#187;25070,27782,28098,28256&#8243; img_size=&#187;full&#187; onclick=&#187;custom_link&#187; custom_links_target=&#187;_blank&#187; speed=&#187;3000&#8243; slides_per_view=&#187;4&#8243; hide_pagination_control=&#187;yes&#187; css=&#187;.vc_custom_1771278672304{margin-bottom: 50px !important;}&#187; custom_links=&#187;#E-8_aHR0cHMlM0ElMkYlMkZub3VzdGFtaW5lLnBlYWFzaS5lZSUyRiUyQ2h0dHBzJTNBJTJGJTJGZmllbnRhLmNvbSUyRmV0JTJGbyUyRnBlYWFzaSUyQ2h0dHBzJTNBJTJGJTJGZmllbnRhLmNvbSUyRmV0JTJGcyUyRnBlYWFzaS1raW5vdGVhdGVyLXN0YW5kLXVwLXZhaW1zZXN0LXRlcnZpc2VzdC1tZS1laS1yYWFnaSUyQ2h0dHBzJTNBJTJGJTJGcGVhYXNpLmVlJTJGdmFpbXNlLXRlcnZpc2Utdml0YW1paW5pZCUyRiUyMA==&#187; el_class=&#187;vc_custominfiniteloop&#187;][\/vc_column][\/vc_row][vc_row equal_height=&#187;yes&#187; css_animation=&#187;none&#187; el_id=&#187;content-selection&#187; css=&#187;.vc_custom_1722769761031{margin-bottom: 70px !important;}&#187;][vc_column width=&#187;5\/6&#8243; offset=&#187;vc_col-lg-offset-1 vc_col-lg-5 vc_col-md-offset-2 vc_col-md-10 vc_col-sm-offset-2 vc_col-xs-offset-1 vc_col-xs-10&#8243;][vc_column_text css=&#187;&#187; el_class=&#187;content-block&#187;]\n<div class=\"left\">\n<h3 style=\"text-align: left;\">Vaimne tervis<\/h3>\n<p style=\"text-align: left;\">Uuri l\u00e4hemalt vaimse tervise hoidmise, raskuste ja l\u00e4hedaste toetamisv\u00f5imaluste kohta!<\/p>\n<p><a href=\"\/teema\/tervise-hoidmine\/\"><button class=\"rohkem\">Uuri rohkem<\/button><\/a><\/div>\n<div class=\"right pea\"><img decoding=\"async\" class=\"alignleft size-full\" src=\"https:\/\/peaasi.ee\/wp-content\/uploads\/2024\/10\/pea-profiil-joon.png\" alt=\"\" \/><\/div>\n[\/vc_column_text][vc_column_text css=&#187;&#187; el_class=&#187;content-block&#187;]\n<div class=\"left\">\n<h3>Koolitused<\/h3>\n<p>Tule vaimse tervise teemalisele koolitusele v\u00f5i telli see oma organisatsiooni!<\/p>\n<p><a href=\"\/koolitused\"><button class=\"rohkem\">Uuri rohkem<\/button><\/a><\/div>\n<div class=\"right raamat\"><img decoding=\"async\" class=\"alignleft size-full\" src=\"https:\/\/peaasi.ee\/wp-content\/uploads\/2024\/10\/raamat-joon.png\" alt=\"\" \/><\/div>\n[\/vc_column_text][vc_column_text css=&#187;&#187; el_class=&#187;content-block&#187;]\n<div class=\"left\">\n<h3>T\u00f6\u00f6koht<\/h3>\n<p>Soovid luua oma organisatsioonis vaimset tervist toetavat t\u00f6\u00f6kultuuri? Siit leiad materjale, t\u00f6\u00f6riistu ja meie teenuseid.<\/p>\n<p><a href=\"https:\/\/peaasi.ee\/tookohal\/\"><button class=\"rohkem\">Uuri rohkem<\/button><\/a><\/div>\n<div class=\"right tookoht\"><img decoding=\"async\" class=\"alignleft size-full\" src=\"https:\/\/peaasi.ee\/wp-content\/uploads\/2025\/01\/tookoht.png\" alt=\"\" \/><\/div>\n[\/vc_column_text][vc_column_text css=&#187;&#187; el_class=&#187;content-block&#187;]\n<div class=\"left\">\n<h3>Peaasi seikleb<\/h3>\n<p>Peaasjad seikleb, uurib ja m\u00f5tleb kaasa huumori, kliima\u00e4revuse, kogukonna tegevuste, meeste vaimse tervise ja suitsiidiennetuse radadel.<\/p>\n<p><a href=\"https:\/\/peaasi.ee\/peaasi-seikleb\/\"><button class=\"rohkem\">Uuri rohkem<\/button><\/a><\/div>\n<div class=\"right seiklus\"><img decoding=\"async\" class=\"alignleft size-full\" src=\"https:\/\/peaasi.ee\/wp-content\/uploads\/2025\/01\/seiklus.png\" alt=\"\" \/><\/div>\n[\/vc_column_text][\/vc_column][vc_column width=&#187;5\/6&#8243; offset=&#187;vc_col-lg-offset-0 vc_col-lg-5 vc_col-md-offset-2 vc_col-md-10 vc_col-sm-offset-2 vc_col-xs-offset-1 vc_col-xs-10&#8243;][vc_column_text css=&#187;&#187; el_class=&#187;content-block&#187;]\n<div class=\"left\">\n<h3>N\u00f5ustamine<\/h3>\n<p>Tunned, et vajad muutust? Registreeri Peahea noorten\u00f5ustamisele, e-n\u00f5ustamisele v\u00f5i VALIK programmi siit!<\/p>\n<p><a href=\"https:\/\/noustamine.peaasi.ee\/\"><button class=\"rohkem\">Uuri rohkem<\/button><\/a><\/div>\n<div class=\"right vestlus\"><img decoding=\"async\" class=\"alignleft size-full\" src=\"https:\/\/peaasi.ee\/wp-content\/uploads\/2024\/10\/vestlus-joon.png\" alt=\"\" \/><\/div>\n[\/vc_column_text][vc_column_text css=&#187;&#187; el_class=&#187;content-block&#187;]\n<div class=\"left\">\n<h3>Haridus<\/h3>\n<p>Oled koolijuht, \u00f5petaja v\u00f5i tugimeeskonna liige? Siit leiad tegutsemiseks m\u00f5tteainet ning praktilisi lahendusi.<\/p>\n<p><a href=\"\/haridus\"><button class=\"rohkem\">Uuri rohkem<\/button><\/a><\/div>\n<div class=\"right haridus\"><img decoding=\"async\" class=\"alignleft size-full\" src=\"https:\/\/peaasi.ee\/wp-content\/uploads\/2024\/10\/opilased-joon.png\" alt=\"\" \/><\/div>\n[\/vc_column_text][vc_column_text css=&#187;&#187; el_class=&#187;content-block&#187;]\n<div class=\"left\">\n<h3>Laste ja perede heaolu<\/h3>\n<p>Kuidas lapsevanemad ja l\u00e4hedased saavad lastele toeks olla? Uuri l\u00e4hemalt!<\/p>\n<p><a href=\"https:\/\/peaasi.ee\/laste-ja-perede-heaolu\/\"><button class=\"rohkem\">Uuri rohkem<\/button><\/a><\/div>\n<div class=\"right heaolu\"><img decoding=\"async\" class=\"alignleft size-full\" src=\"https:\/\/peaasi.ee\/wp-content\/uploads\/2025\/01\/heaolu.png\" alt=\"\" \/><\/div>\n[\/vc_column_text][vc_column_text css=&#187;&#187; el_class=&#187;content-block&#187;]\n<div class=\"left\">\n<h3>Meist<\/h3>\n<p>Kes Peaasjad on? Mille eest seisame ja millega tegeleme? Mis teemadel saab meiega koost\u00f6\u00f6d teha?<\/p>\n<p><a href=\"https:\/\/peaasi.ee\/meist\/\"><button class=\"rohkem\">Uuri rohkem<\/button><\/a><\/div>\n<div class=\"right meist\"><img decoding=\"async\" class=\"alignleft size-full\" src=\"https:\/\/peaasi.ee\/wp-content\/uploads\/2025\/01\/meist.png\" alt=\"\" \/><\/div>\n[\/vc_column_text][\/vc_column][\/vc_row][vc_row css=&#187;.vc_custom_1722769703245{background-color: #f6f6f6 !important;}&#187;][vc_column]\n\t    <!-- GALLERY SECTION -->\n    \t<section class=\"grid-section\">\n\t    \t<div class=\"container-fluid\">\n\t    \t\t<div class=\"col-md-10 col-md-offset-1 col-xs-12 padding-0 reponsive-gt-1440\">\n\t    \t\t\t<div class=\"grid-wrapper\">\n\t\t    \t\t\t<div class=\"grid-container\">\n\t\t    \t\t\t\t<div class=\"grid grid-card study-card study-card-large\">\n\t\t    \t\t\t\t\t<div class=\"grid-content\">\n                                    <!-- 1st column -->\n\t\t    \t\t\t\t\t\t<div class=\"card-title\">Uudised<\/div>\n\t\t\t\t\t    \t\t\t<div class=\"card-description study-card-option-container\"><a href=\"https:\/\/peaasi.ee\/vitamiini-uudised\/\" class=\"study-card-option\">Algas vaimse tervise vitamiinikuur 2026<\/a>\n<a href=\"https:\/\/peaasi.ee\/colonna-heategevusfondi-vaheraport\/\" class=\"study-card-option\">Colonna Heategevusfondi vaheraport<\/a>\n<a href=\"https:\/\/peaasi.ee\/peahea-noustamine\/\" class=\"study-card-option\">Tasuta Peahea n\u00f5ustamine kuni 26-aastastele noortele<\/a>\n<a href=\"https:\/\/peaasi.ee\/kuidas-olla-toeks-lahedasele-kes-on-teinud-enesetapukatse\/\" class=\"study-card-option\">Kuidas olla toeks l\u00e4hedasele, kes on teinud enesetapukatse?<\/a>\n<a href=\"https:\/\/peaasi.ee\/materjalid-ettevotted\/\" class=\"study-card-option\">Vaimse tervise materjalid ettev\u00f5tetele<\/a>\n<a href=\"https:\/\/peaasi.ee\/annetused\/\" class=\"study-card-option\">Toeta Peaasi.ee tegevust vaimse tervise teemade edendamisel<\/a><\/div><a href=\"#!\" class=\"btn btn-link\">\n            <span>Vaata veel<\/span>\n            <span class=\"icon icon-arrow-right\"><\/span>\n        <\/a><\/div>\n\t\t    \t\t\t\t<\/div>\n\t\t    \t\t\t\t<div class=\"grid grid-card study-card\">\n\t\t    \t\t\t\t\t<div class=\"grid-content\">\n                                    <!-- 2nd column -->\n\t\t    \t\t\t\t\t\t<div class=\"card-title\">Toeta meid<\/div>\n\t\t\t\t\t    \t\t\t<div class=\"card-description\">Kasutame annetusi noorte ja \u00fcldiselt Eesti inimeste vaimse tervise parandamise huvides. Peaasjad on kantud tulumaksusoodustusega MT\u00dcde nimekirja.<\/div><a href=\"https:\/\/peaasi.ee\/annetused\/\" class=\"btn btn-danger btn-radius\" type=\"button\">Soovin annetada<\/a><\/div>\n\t\t    \t\t\t\t<\/div>\n\t\t    \t\t\t<\/div>\n\t    \t\t\t<\/div>\n\t    \t\t<\/div>\n\t    \t<\/div>\n    \t<\/section>\n\t    <!-- END GALLERY SECTION -->\n        [\/vc_column][\/vc_row][vc_row][vc_column][vc_single_image image=&#187;24980&#8243; img_size=&#187;large&#187; alignment=&#187;center&#187; onclick=&#187;custom_link&#187; img_link_target=&#187;_blank&#187; css=&#187;&#187; link=&#187;https:\/\/noustamine.peaasi.ee\/&#187;][\/vc_column][\/vc_row]\n<\/div>","protected":false},"excerpt":{"rendered":"<p>[vc_row css=&#187;.vc_custom_1720981043146{background-color: #f6f6f6 !important;}&#187;][vc_column css=&#187;.vc_custom_1720806124790{margin-top: 50px !important;}&#187;][vc_images_carousel images=&#187;25070,27782,28098,28256&#8243; img_size=&#187;full&#187; onclick=&#187;custom_link&#187; custom_links_target=&#187;_blank&#187; speed=&#187;3000&#8243; slides_per_view=&#187;4&#8243; hide_pagination_control=&#187;yes&#187; css=&#187;.vc_custom_1771278672304{margin-bottom: 50px !important;}&#187; custom_links=&#187;#E-8_aHR0cHMlM0ElMkYlMkZub3VzdGFtaW5lLnBlYWFzaS5lZSUyRiUyQ2h0dHBzJTNBJTJGJTJGZmllbnRhLmNvbSUyRmV0JTJGbyUyRnBlYWFzaSUyQ2h0dHBzJTNBJTJGJTJGZmllbnRhLmNvbSUyRmV0JTJGcyUyRnBlYWFzaS1raW5vdGVhdGVyLXN0YW5kLXVwLXZhaW1zZXN0LXRlcnZpc2VzdC1tZS1laS1yYWFnaSUyQ2h0dHBzJTNBJTJGJTJGcGVhYXNpLmVlJTJGdmFpbXNlLXRlcnZpc2Utdml0YW1paW5pZCUyRiUyMA==&#187; el_class=&#187;vc_custominfiniteloop&#187;][\/vc_column][\/vc_row][vc_row equal_height=&#187;yes&#187; css_animation=&#187;none&#187; el_id=&#187;content-selection&#187; css=&#187;.vc_custom_1722769761031{margin-bottom: 70px !important;}&#187;][vc_column width=&#187;5\/6&#8243; offset=&#187;vc_col-lg-offset-1 vc_col-lg-5 vc_col-md-offset-2 vc_col-md-10 vc_col-sm-offset-2 vc_col-xs-offset-1 vc_col-xs-10&#8243;][vc_column_text css=&#187;&#187; el_class=&#187;content-block&#187;] Vaimne tervis Uuri l\u00e4hemalt vaimse tervise hoidmise, raskuste ja l\u00e4hedaste toetamisv\u00f5imaluste kohta! Uuri rohkem [\/vc_column_text][vc_column_text css=&#187;&#187; el_class=&#187;content-block&#187;] Koolitused Tule vaimse<\/p>\n","protected":false},"author":2,"featured_media":22006,"parent":0,"menu_order":0,"comment_status":"closed","ping_status":"closed","template":"page-templates\/homepage_1010_koos-live-videoga.php","meta":{"_monsterinsights_skip_tracking":false,"_monsterinsights_sitenote_active":false,"_monsterinsights_sitenote_note":"","_monsterinsights_sitenote_category":0,"footnotes":""},"class_list":["post-3682","page","type-page","status-publish","has-post-thumbnail","hentry"],"yoast_head":"<!-- This site is optimized with the Yoast SEO plugin v27.0 - https:\/\/yoast.com\/product\/yoast-seo-wordpress\/ -->\n<title>Peaasi.ee - Pole hullu<\/title>\n<meta name=\"robots\" content=\"index, follow, max-snippet:-1, max-image-preview:large, max-video-preview:-1\" \/>\n<link rel=\"canonical\" href=\"https:\/\/peaasi.ee\/ru\/avaleht\/\" \/>\n<meta property=\"og:locale\" content=\"ru_RU\" \/>\n<meta property=\"og:type\" content=\"article\" \/>\n<meta property=\"og:title\" content=\"Peaasi.ee - Pole hullu\" \/>\n<meta property=\"og:description\" content=\"Noorte vaimse tervise portaal Peaasi.ee - palju vaimse tervise alast teavet, e-n\u00f5ustamine, esmaabivahendid, ajutreeningud. Peaasi.ee toetab Eesti noorte vaimse tervise paranemist, probleemide varast m\u00e4rkamist, abi k\u00e4ttesaadavust ja varast sekkumist.\" \/>\n<meta property=\"og:url\" content=\"https:\/\/peaasi.ee\/ru\/avaleht\/\" \/>\n<meta property=\"og:site_name\" content=\"Peaasi.ee\" \/>\n<meta property=\"article:publisher\" content=\"https:\/\/www.facebook.com\/Peaasi.ee\" \/>\n<meta property=\"article:modified_time\" content=\"2026-02-23T08:03:16+00:00\" \/>\n<meta property=\"og:image\" content=\"https:\/\/peaasi.ee\/wp-content\/uploads\/2014\/08\/peaasi-suur.png\" \/>\n\t<meta property=\"og:image:width\" content=\"1200\" \/>\n\t<meta property=\"og:image:height\" content=\"630\" \/>\n\t<meta property=\"og:image:type\" content=\"image\/png\" \/>\n<meta name=\"twitter:card\" content=\"summary_large_image\" \/>\n<meta name=\"twitter:title\" content=\"Peaasi.ee - Pole hullu\" \/>\n<meta name=\"twitter:description\" content=\"Noorte vaimse tervise portaal Peaasi.ee on suunatud Eesti noorte vaimse tervise paranemisele, probleemide varasele m\u00e4rkamisele, abi k\u00e4ttesaadavuse h\u00f5lbustamisele ning varasele sekkumisele. - Vaimse tervise alane teave, e-n\u00f5ustamine, esmaabivahendid, ajutreeningud.\" \/>\n<meta name=\"twitter:image\" content=\"https:\/\/peaasi.ee\/wp-content\/uploads\/2014\/08\/peaasi-suur.png\" \/>\n<script type=\"application\/ld+json\" class=\"yoast-schema-graph\">{\"@context\":\"https:\/\/schema.org\",\"@graph\":[{\"@type\":\"WebPage\",\"@id\":\"https:\/\/peaasi.ee\/ru\/avaleht\/\",\"url\":\"https:\/\/peaasi.ee\/ru\/avaleht\/\",\"name\":\"Peaasi.ee - Pole hullu\",\"isPartOf\":{\"@id\":\"https:\/\/peaasi.ee\/#website\"},\"primaryImageOfPage\":{\"@id\":\"https:\/\/peaasi.ee\/ru\/avaleht\/#primaryimage\"},\"image\":{\"@id\":\"https:\/\/peaasi.ee\/ru\/avaleht\/#primaryimage\"},\"thumbnailUrl\":\"https:\/\/peaasi.ee\/wp-content\/uploads\/2014\/08\/peaasi-suur.png\",\"datePublished\":\"2014-08-27T18:42:33+00:00\",\"dateModified\":\"2026-02-23T08:03:16+00:00\",\"breadcrumb\":{\"@id\":\"https:\/\/peaasi.ee\/ru\/avaleht\/#breadcrumb\"},\"inLanguage\":\"ru-RU\",\"potentialAction\":[{\"@type\":\"ReadAction\",\"target\":[\"https:\/\/peaasi.ee\/ru\/avaleht\/\"]}]},{\"@type\":\"ImageObject\",\"inLanguage\":\"ru-RU\",\"@id\":\"https:\/\/peaasi.ee\/ru\/avaleht\/#primaryimage\",\"url\":\"https:\/\/peaasi.ee\/wp-content\/uploads\/2014\/08\/peaasi-suur.png\",\"contentUrl\":\"https:\/\/peaasi.ee\/wp-content\/uploads\/2014\/08\/peaasi-suur.png\",\"width\":1200,\"height\":630},{\"@type\":\"BreadcrumbList\",\"@id\":\"https:\/\/peaasi.ee\/ru\/avaleht\/#breadcrumb\",\"itemListElement\":[{\"@type\":\"ListItem\",\"position\":1,\"name\":\"Home\",\"item\":\"https:\/\/peaasi.ee\/ru\/avaleht\/\"},{\"@type\":\"ListItem\",\"position\":2,\"name\":\"Avaleht RU\"}]},{\"@type\":\"WebSite\",\"@id\":\"https:\/\/peaasi.ee\/#website\",\"url\":\"https:\/\/peaasi.ee\/\",\"name\":\"Peaasi.ee\",\"description\":\"Vaimse tervise organisatsioon\",\"publisher\":{\"@id\":\"https:\/\/peaasi.ee\/#organization\"},\"potentialAction\":[{\"@type\":\"SearchAction\",\"target\":{\"@type\":\"EntryPoint\",\"urlTemplate\":\"https:\/\/peaasi.ee\/?s={search_term_string}\"},\"query-input\":{\"@type\":\"PropertyValueSpecification\",\"valueRequired\":true,\"valueName\":\"search_term_string\"}}],\"inLanguage\":\"ru-RU\"},{\"@type\":\"Organization\",\"@id\":\"https:\/\/peaasi.ee\/#organization\",\"name\":\"Peaasi.ee\",\"alternateName\":\"Peaasjad\",\"url\":\"https:\/\/peaasi.ee\/\",\"logo\":{\"@type\":\"ImageObject\",\"inLanguage\":\"ru-RU\",\"@id\":\"https:\/\/peaasi.ee\/#\/schema\/logo\/image\/\",\"url\":\"https:\/\/peaasi.ee\/wp-content\/uploads\/2016\/01\/peaasi-logo.jpg\",\"contentUrl\":\"https:\/\/peaasi.ee\/wp-content\/uploads\/2016\/01\/peaasi-logo.jpg\",\"width\":500,\"height\":219,\"caption\":\"Peaasi.ee\"},\"image\":{\"@id\":\"https:\/\/peaasi.ee\/#\/schema\/logo\/image\/\"},\"sameAs\":[\"https:\/\/www.facebook.com\/Peaasi.ee\"]}]}<\/script>\n<!-- \/ Yoast SEO plugin. -->","yoast_head_json":{"title":"Peaasi.ee - Pole hullu","robots":{"index":"index","follow":"follow","max-snippet":"max-snippet:-1","max-image-preview":"max-image-preview:large","max-video-preview":"max-video-preview:-1"},"canonical":"https:\/\/peaasi.ee\/ru\/avaleht\/","og_locale":"ru_RU","og_type":"article","og_title":"Peaasi.ee - Pole hullu","og_description":"Noorte vaimse tervise portaal Peaasi.ee - palju vaimse tervise alast teavet, e-n\u00f5ustamine, esmaabivahendid, ajutreeningud. Peaasi.ee toetab Eesti noorte vaimse tervise paranemist, probleemide varast m\u00e4rkamist, abi k\u00e4ttesaadavust ja varast sekkumist.","og_url":"https:\/\/peaasi.ee\/ru\/avaleht\/","og_site_name":"Peaasi.ee","article_publisher":"https:\/\/www.facebook.com\/Peaasi.ee","article_modified_time":"2026-02-23T08:03:16+00:00","og_image":[{"width":1200,"height":630,"url":"https:\/\/peaasi.ee\/wp-content\/uploads\/2014\/08\/peaasi-suur.png","type":"image\/png"}],"twitter_card":"summary_large_image","twitter_title":"Peaasi.ee - Pole hullu","twitter_description":"Noorte vaimse tervise portaal Peaasi.ee on suunatud Eesti noorte vaimse tervise paranemisele, probleemide varasele m\u00e4rkamisele, abi k\u00e4ttesaadavuse h\u00f5lbustamisele ning varasele sekkumisele. - Vaimse tervise alane teave, e-n\u00f5ustamine, esmaabivahendid, ajutreeningud.","twitter_image":"https:\/\/peaasi.ee\/wp-content\/uploads\/2014\/08\/peaasi-suur.png","schema":{"@context":"https:\/\/schema.org","@graph":[{"@type":"WebPage","@id":"https:\/\/peaasi.ee\/ru\/avaleht\/","url":"https:\/\/peaasi.ee\/ru\/avaleht\/","name":"Peaasi.ee - Pole hullu","isPartOf":{"@id":"https:\/\/peaasi.ee\/#website"},"primaryImageOfPage":{"@id":"https:\/\/peaasi.ee\/ru\/avaleht\/#primaryimage"},"image":{"@id":"https:\/\/peaasi.ee\/ru\/avaleht\/#primaryimage"},"thumbnailUrl":"https:\/\/peaasi.ee\/wp-content\/uploads\/2014\/08\/peaasi-suur.png","datePublished":"2014-08-27T18:42:33+00:00","dateModified":"2026-02-23T08:03:16+00:00","breadcrumb":{"@id":"https:\/\/peaasi.ee\/ru\/avaleht\/#breadcrumb"},"inLanguage":"ru-RU","potentialAction":[{"@type":"ReadAction","target":["https:\/\/peaasi.ee\/ru\/avaleht\/"]}]},{"@type":"ImageObject","inLanguage":"ru-RU","@id":"https:\/\/peaasi.ee\/ru\/avaleht\/#primaryimage","url":"https:\/\/peaasi.ee\/wp-content\/uploads\/2014\/08\/peaasi-suur.png","contentUrl":"https:\/\/peaasi.ee\/wp-content\/uploads\/2014\/08\/peaasi-suur.png","width":1200,"height":630},{"@type":"BreadcrumbList","@id":"https:\/\/peaasi.ee\/ru\/avaleht\/#breadcrumb","itemListElement":[{"@type":"ListItem","position":1,"name":"Home","item":"https:\/\/peaasi.ee\/ru\/avaleht\/"},{"@type":"ListItem","position":2,"name":"Avaleht RU"}]},{"@type":"WebSite","@id":"https:\/\/peaasi.ee\/#website","url":"https:\/\/peaasi.ee\/","name":"Peaasi.ee","description":"Vaimse tervise organisatsioon","publisher":{"@id":"https:\/\/peaasi.ee\/#organization"},"potentialAction":[{"@type":"SearchAction","target":{"@type":"EntryPoint","urlTemplate":"https:\/\/peaasi.ee\/?s={search_term_string}"},"query-input":{"@type":"PropertyValueSpecification","valueRequired":true,"valueName":"search_term_string"}}],"inLanguage":"ru-RU"},{"@type":"Organization","@id":"https:\/\/peaasi.ee\/#organization","name":"Peaasi.ee","alternateName":"Peaasjad","url":"https:\/\/peaasi.ee\/","logo":{"@type":"ImageObject","inLanguage":"ru-RU","@id":"https:\/\/peaasi.ee\/#\/schema\/logo\/image\/","url":"https:\/\/peaasi.ee\/wp-content\/uploads\/2016\/01\/peaasi-logo.jpg","contentUrl":"https:\/\/peaasi.ee\/wp-content\/uploads\/2016\/01\/peaasi-logo.jpg","width":500,"height":219,"caption":"Peaasi.ee"},"image":{"@id":"https:\/\/peaasi.ee\/#\/schema\/logo\/image\/"},"sameAs":["https:\/\/www.facebook.com\/Peaasi.ee"]}]}},"_links":{"self":[{"href":"https:\/\/peaasi.ee\/ru\/wp-json\/wp\/v2\/pages\/3682","targetHints":{"allow":["GET"]}}],"collection":[{"href":"https:\/\/peaasi.ee\/ru\/wp-json\/wp\/v2\/pages"}],"about":[{"href":"https:\/\/peaasi.ee\/ru\/wp-json\/wp\/v2\/types\/page"}],"author":[{"embeddable":true,"href":"https:\/\/peaasi.ee\/ru\/wp-json\/wp\/v2\/users\/2"}],"replies":[{"embeddable":true,"href":"https:\/\/peaasi.ee\/ru\/wp-json\/wp\/v2\/comments?post=3682"}],"version-history":[{"count":16,"href":"https:\/\/peaasi.ee\/ru\/wp-json\/wp\/v2\/pages\/3682\/revisions"}],"predecessor-version":[{"id":28469,"href":"https:\/\/peaasi.ee\/ru\/wp-json\/wp\/v2\/pages\/3682\/revisions\/28469"}],"wp:featuredmedia":[{"embeddable":true,"href":"https:\/\/peaasi.ee\/ru\/wp-json\/wp\/v2\/media\/22006"}],"wp:attachment":[{"href":"https:\/\/peaasi.ee\/ru\/wp-json\/wp\/v2\/media?parent=3682"}],"curies":[{"name":"wp","href":"https:\/\/api.w.org\/{rel}","templated":true}]}}