{"id":7813,"date":"2014-08-27T21:42:33","date_gmt":"2014-08-27T18:42:33","guid":{"rendered":"https:\/\/peaasi.ee\/avaleht\/"},"modified":"2025-02-25T21:25:29","modified_gmt":"2025-02-25T19:25:29","slug":"avaleht","status":"publish","type":"page","link":"https:\/\/peaasi.ee\/en\/","title":{"rendered":"Avaleht"},"content":{"rendered":"<div class=\"wpb-content-wrapper\"><div id=\"fb-root\"><\/div>\n[vc_row][vc_column]<section class=\"card-section \" ><div class=\"card-section--container border\"><div class=\"card-info--container asd\"><div class=\"card-info--outline\"><\/div><div class=\"card-info border bg-primary--warning\"><div class=\"card-title\">First aid for mental health<\/div><div class=\"card-description\">teaches the skills to respond to the signs of mental illness.<\/div><a href=\"https:\/\/esmaabi.peaasi.ee\/en\/\" class=\"btn btn-link\"><span>Loe rohkem<\/span><span class=\"icon icon-arrow-right\"><\/span><\/a><\/div><\/div><div class=\"card-info--container asd\"><div class=\"card-info border bg-primary--info\"><div class=\"card-title\">Stand Up For Your Mind<\/div><div class=\"card-description\">is a project of the European Capital of Culture Tartu 2024 main programme<\/div><a href=\"http:\/\/peaasi.ee\/en\/stand-up-for-your-mind\" class=\"btn btn-link\"><span>Loe rohkem<\/span><span class=\"icon icon-arrow-right\"><\/span><\/a><\/div><\/div><div class=\"card-info--container asd\"><div class=\"card-info border bg-primary--success\"><div class=\"card-title\">Mental health vitamins<\/div><div class=\"card-description\">help to keep our mental health in balance.<\/div><a href=\"https:\/\/peaasi.ee\/en\/mental-health-vitamins\/\" class=\"btn btn-link\"><span>Loe rohkem<\/span><span class=\"icon icon-arrow-right\"><\/span><\/a><\/div><\/div><div class=\"card-info--container asd\"><div class=\"card-info border bg-primary--danger\"><div class=\"card-title\">Counselling<\/div><div class=\"card-description\"><\/p>\n<ul>\n<li>E-counseling<\/li>\n<li>Youth counseling<\/li>\n<li>Counseling for cannabis users<\/li>\n<\/ul>\n<p><\/div><a href=\"https:\/\/noustamine.peaasi.ee\/en\/kysi-noustajalt\" class=\"btn btn-link\"><span>Loe rohkem<\/span><span class=\"icon icon-arrow-right\"><\/span><\/a><\/div><\/div><\/div><\/section>[\/vc_column][\/vc_row][vc_row][vc_column]\n\t    <!-- GALLERY SECTION -->\n    \t<section class=\"grid-section\">\n\t    \t<div class=\"container-fluid\">\n\t    \t\t<div class=\"col-md-10 col-md-offset-1 col-xs-12 padding-0 reponsive-gt-1440\">\n\t    \t\t\t<div class=\"grid-wrapper\">\n\t\t    \t\t\t<div class=\"grid-container\">\n\t\t    \t\t\t\t<div class=\"grid grid-card study-card study-card-large\">\n\t\t    \t\t\t\t\t<div class=\"grid-content\">\n                                    <!-- 1st column -->\n\t\t    \t\t\t\t\t\t<div class=\"card-title\">Koolitused<\/div>\n\t\t\t\t\t    \t\t\t<div class=\"card-description study-card-option-container\"><a href=\"#\" class=\"study-card-option\">Vaimse tervise esmaabi veebi-koolitused oktoobris ja novembris<\/a>\n<a href=\"#\" class=\"study-card-option\">Seminar: Oled mees v\u00f5i ei ole!?<\/a>\n<a href=\"#\" class=\"study-card-option\">Laste vaimne tervis lasteaias<\/a>\n<a href=\"#\" class=\"study-card-option\">Vaimse tervise teadlikkuse kasvatamine (Koolitus Pindi Kinnisvarale)<\/a>\n<a href=\"#\" class=\"study-card-option\">Vaimse tervise teadlikkuse kasvatamine (Koolitus Pindi Kinnisvarale)<\/a>\n<a href=\"#\" class=\"study-card-option\">Vaimse tervise teadlikkuse kasvatamine (Koolitus Pindi Kinnisvarale)<\/a><\/div><a href=\"#!\" class=\"btn btn-link\">\n            <span>Vaata veel<\/span>\n            <span class=\"icon icon-arrow-right\"><\/span>\n        <\/a><\/div>\n\t\t    \t\t\t\t<\/div>\n\t\t    \t\t\t\t<div class=\"grid grid-card study-card\">\n\t\t    \t\t\t\t\t<div class=\"grid-content\">\n                                    <!-- 2nd column -->\n\t\t    \t\t\t\t\t\t<div class=\"card-title\">Support us<\/div>\n\t\t\t\t\t    \t\t\t<div class=\"card-description\">We use donations in the interests of improving the mental health of young people and Estonians in general. NGO Peaasjad is included in the list of NGOs with income tax benefits.<\/div><a href=\"https:\/\/peaasi.ee\/en\/donations\/\" class=\"btn btn-danger btn-radius\" type=\"button\">Donate<\/a><\/div>\n\t\t    \t\t\t\t<\/div>\n\t\t    \t\t\t<\/div>\n\t    \t\t\t<\/div>\n\t    \t\t<\/div>\n\t    \t<\/div>\n    \t<\/section>\n\t    <!-- END GALLERY SECTION -->\n        [\/vc_column][\/vc_row][vc_row][vc_column]\n        <!-- GALLERY SECTION -->\n    \t<section class=\"grid-section content-box-no-background\"><div class=\"vector-container-background\">\n                    <div class=\"vector-layout vector--reading\">\n                        <div class=\"vector-background-container vector-background-container--reading\">\n                            <img decoding=\"async\" src=\"https:\/\/peaasi.ee\/wp-content\/themes\/peaasi\/assets\/img\/reading-background.aa1f9b05.svg\" alt=\"\" class=\"vector-background\">\n                        <\/div>\n                        <div class=\"vector-image-container vector-image-container--reading\">\n                            <img decoding=\"async\" src=\"https:\/\/peaasi.ee\/wp-content\/themes\/peaasi\/assets\/img\/reading.38f80fab.svg\" alt=\"\" class=\"vector-image \">\n                        <\/div>\n                    <\/div>\n                <\/div><div class=\"container-fluid\">\n\t    \t\t<div class=\"col-md-10 col-md-offset-1 col-xs-12 padding-0 reponsive-gt-1440 \">\n\t    \t\t\t<div class=\"grid-wrapper\">\n\t\t    \t\t\t<div class=\"grid-container\">\n\t\t    \t\t\t\t<div class=\"grid grid-card\">\n\t\t    \t\t\t\t\t<div class=\"grid-content card-article\">\n\t\t    \t\t\t\t\t\t<div class=\"card-title\">Questions and Answers<\/div>\n\t\t    \t\t\t\t\t\t<div class=\"card-description\"><ul class=\"qna-container\">\n\t<li class=\"qna-item\">\n\t\t<a href=\"\/traumatic-event\/\">How to cope with traumatic event?<\/a>\n\t<\/li>\n\t<li class=\"qna-item\">\n\t\t<a href=\"\/en\/parema-une-nouanded\">How to get a better sleep?<\/a>\n\t<\/li>\n\t<li class=\"qna-item\">\n\t\t<a href=\"\/en\/votted-rahunemiseks\/\">How to calm down?<\/a>\n\t<\/li>\n\t<li class=\"qna-item\">\n\t\t<a href=\"\/en\/emotsioonide-vaoshoidmine\/\">How to control your emotions?<\/a>\n\t<\/li>\n<\/ul><\/div>\n                                    \n\t\t    \t\t\t\t\t<\/div>\n\t\t    \t\t\t\t<\/div>\n\t\t    \t\t\t\t<div class=\"grid grid-card\">\n\t\t    \t\t\t\t\t<div class=\"grid-content card-article\">\n\t\t    \t\t\t\t\t\t<div class=\"card-title\">E-counseling<\/div>\n\t\t\t\t\t    \t\t\t<div class=\"card-description\">Experienced mental health professionals answer questions, concerns and doubts related to mental health. We will respond in 3 days and will not publish on the portal.<\/div>\n\t\t\t\t\t    \t\t\t<a href=\"https:\/\/noustamine.peaasi.ee\/en\/kysi-noustajalt\" class=\"btn btn-link\">\n            <span>More information<\/span>\n            <span class=\"icon icon-arrow-right\"><\/span>\n        <\/a>\n\t\t    \t\t\t\t\t<\/div>\n\t\t    \t\t\t\t<\/div>\n\t\t    \t\t\t\t<div class=\"grid grid-card\">\n\t\t    \t\t\t\t\t<div class=\"grid-content card-article\">\n\t\t    \t\t\t\t\t\t<div class=\"card-title\">Mental health vitamins<\/div>\n\t\t\t\t\t    \t\t\t<div class=\"card-description\">Mental health vitamins are good relationships, balanced nutrition, sleep and rest, pleasant emotions and physical activity.<\/div>\n\t\t\t\t\t    \t\t\t<a href=\"https:\/\/peaasi.ee\/en\/mental-health-vitamins\/\" class=\"btn btn-link\">\n            <span>Read more<\/span>\n            <span class=\"icon icon-arrow-right\"><\/span>\n        <\/a>\n\t\t    \t\t\t\t\t<\/div>\n\t\t    \t\t\t\t<\/div>\n\t\t    \t\t\t<\/div>\n\t    \t\t\t<\/div>\n\t    \t\t<\/div>\n\t    \t<\/div>\n    \t<\/section>\n\t    <!-- END GALLERY SECTION -->\n        [\/vc_column][\/vc_row][vc_row][vc_column width=&#8221;1\/2&#8243;]<!-- GALLERY SECTION -->\n            <section class=\"grid-section\">\n                <div class=\"container-fluid\">\n                    <div class=\"col-md-10 col-md-offset-1 col-xs-12 padding-0 reponsive-gt-1440 \">\n                        <div class=\"grid-wrapper \">\n                            <div class=\"grid-title\">Interesting and important<\/div>\n                            <div class=\"grid-container\">[vc_video link=&#8221;https:\/\/youtu.be\/0KC0ekO76S4&#8243;]<\/div>\n                        <\/div>\n                    <\/div>\n                <\/div>\n            <\/section>\n            <!-- END GALLERY SECTION -->[\/vc_column][vc_column width=&#8221;1\/2&#8243;][vc_video link=&#8221;https:\/\/youtu.be\/gDhDDqtxrZ4&#8243;][\/vc_column][\/vc_row][vc_row][vc_column]\n        <section class=\"video-hightlight-section\">\n            <div class=\"container-fluid\">\n                <div class=\"col-md-10 col-md-offset-1 col-xs-12 padding-0\">\n                    [vc_video link=\"http:\/\/www.youtube.com\/watch?v=ivoDqH00S_Q\" el_class=\"\"]\n                    <a href=\"\" class=\"btn btn-link\">\n                        <span>Vaata veel<\/span>\n                        <span class=\"icon icon-arrow-right\"><\/span>\n                    <\/a>\n                <\/div>\n                <div class=\"vector-layout vector--chilling\">\n                    <div class=\"vector-background-container vector-background-container--chilling\">\n                        <img decoding=\"async\" src=\"https:\/\/peaasi.ee\/wp-content\/themes\/peaasi\/assets\/img\/chilling-background.29a0499a.svg\" alt=\"\" class=\"vector-background\">\n                    <\/div>\n                    <div class=\"vector-image-container vector-image-container--chilling\">\n                        <img decoding=\"async\" src=\"https:\/\/peaasi.ee\/wp-content\/themes\/peaasi\/assets\/img\/chilling.4e68bdfc.svg\" alt=\"\" class=\"vector-image \">\n                    <\/div>\n                <\/div>\n            <\/div>\n        <\/section>\n        [\/vc_column][\/vc_row][vc_row][vc_column]\n        <!-- BANNER SECTION -->\n        <section class=\"banner-section\">\n            <div class=\"banner-container\">\n                <img decoding=\"async\" class=\"banner-background\" src=\"https:\/\/peaasi.ee\/wp-content\/uploads\/2015\/05\/Group-46-1024x771.jpg\" alt=\"\">\n                <div class=\"card-info--container\">\n                    <div class=\"card-info--outline\"><\/div>\n                    <div class=\"card-info border bg-primary--info\">\n                        <div class=\"card-title\">About us<\/div>\n                        <div class=\"card-description\">Our team consists of people who care about mental health. We have brought together mental health and youth work professionals, counselors, psychologists, educators and thinkers from different walks of life.<\/div>\n                        <a href=\"https:\/\/peaasi.ee\/en\/meist\/\" class=\"btn btn-link\">\n            <span>Read more<\/span>\n            <span class=\"icon icon-arrow-right\"><\/span>\n        <\/a>\n                    <\/div>\n                <\/div>\n            <\/div>\n        <\/section>\n        <!-- END BANNER SECTION -->\n        [\/vc_column][\/vc_row]\n<\/div>","protected":false},"excerpt":{"rendered":"<p>[vc_row][vc_column][\/vc_column][\/vc_row][vc_row][vc_column][\/vc_column][\/vc_row][vc_row][vc_column][\/vc_column][\/vc_row][vc_row][vc_column width=&#8221;1\/2&#8243;][\/vc_column][vc_column width=&#8221;1\/2&#8243;][vc_video link=&#8221;https:\/\/youtu.be\/gDhDDqtxrZ4&#8243;][\/vc_column][\/vc_row][vc_row][vc_column][\/vc_column][\/vc_row][vc_row][vc_column][\/vc_column][\/vc_row]<\/p>\n","protected":false},"author":2,"featured_media":22005,"parent":0,"menu_order":0,"comment_status":"closed","ping_status":"closed","template":"page-templates\/homepage_1010_koos-live-videoga.php","meta":{"_monsterinsights_skip_tracking":false,"_monsterinsights_sitenote_active":false,"_monsterinsights_sitenote_note":"","_monsterinsights_sitenote_category":0,"footnotes":""},"class_list":["post-7813","page","type-page","status-publish","has-post-thumbnail","hentry"],"yoast_head":"<!-- This site is optimized with the Yoast SEO plugin v27.0 - https:\/\/yoast.com\/product\/yoast-seo-wordpress\/ -->\n<title>Peaasi.ee - Pole hullu<\/title>\n<meta name=\"robots\" content=\"index, follow, max-snippet:-1, max-image-preview:large, max-video-preview:-1\" \/>\n<link rel=\"canonical\" href=\"https:\/\/peaasi.ee\/en\/\" \/>\n<meta property=\"og:locale\" content=\"en_US\" \/>\n<meta property=\"og:type\" content=\"article\" \/>\n<meta property=\"og:title\" content=\"Peaasi.ee - Pole hullu\" \/>\n<meta property=\"og:description\" content=\"Noorte vaimse tervise portaal Peaasi.ee - palju vaimse tervise alast teavet, e-n\u00f5ustamine, esmaabivahendid, ajutreeningud. Peaasi.ee toetab Eesti noorte vaimse tervise paranemist, probleemide varast m\u00e4rkamist, abi k\u00e4ttesaadavust ja varast sekkumist.\" \/>\n<meta property=\"og:url\" content=\"https:\/\/peaasi.ee\/en\/\" \/>\n<meta property=\"og:site_name\" content=\"Peaasi.ee\" \/>\n<meta property=\"article:publisher\" content=\"https:\/\/www.facebook.com\/Peaasi.ee\" \/>\n<meta property=\"article:modified_time\" content=\"2025-02-25T19:25:29+00:00\" \/>\n<meta property=\"og:image\" content=\"https:\/\/peaasi.ee\/wp-content\/uploads\/2014\/08\/peaasi-suur.png\" \/>\n\t<meta property=\"og:image:width\" content=\"1200\" \/>\n\t<meta property=\"og:image:height\" content=\"630\" \/>\n\t<meta property=\"og:image:type\" content=\"image\/png\" \/>\n<meta name=\"twitter:card\" content=\"summary_large_image\" \/>\n<meta name=\"twitter:title\" content=\"Peaasi.ee - Pole hullu\" \/>\n<meta name=\"twitter:description\" content=\"Noorte vaimse tervise portaal Peaasi.ee on suunatud Eesti noorte vaimse tervise paranemisele, probleemide varasele m\u00e4rkamisele, abi k\u00e4ttesaadavuse h\u00f5lbustamisele ning varasele sekkumisele. - Vaimse tervise alane teave, e-n\u00f5ustamine, esmaabivahendid, ajutreeningud.\" \/>\n<script type=\"application\/ld+json\" class=\"yoast-schema-graph\">{\"@context\":\"https:\/\/schema.org\",\"@graph\":[{\"@type\":\"WebPage\",\"@id\":\"https:\/\/peaasi.ee\/en\/\",\"url\":\"https:\/\/peaasi.ee\/en\/\",\"name\":\"Peaasi.ee - Pole hullu\",\"isPartOf\":{\"@id\":\"https:\/\/peaasi.ee\/#website\"},\"primaryImageOfPage\":{\"@id\":\"https:\/\/peaasi.ee\/en\/#primaryimage\"},\"image\":{\"@id\":\"https:\/\/peaasi.ee\/en\/#primaryimage\"},\"thumbnailUrl\":\"https:\/\/peaasi.ee\/wp-content\/uploads\/2014\/08\/peaasi-suur.png\",\"datePublished\":\"2014-08-27T18:42:33+00:00\",\"dateModified\":\"2025-02-25T19:25:29+00:00\",\"breadcrumb\":{\"@id\":\"https:\/\/peaasi.ee\/en\/#breadcrumb\"},\"inLanguage\":\"en-US\",\"potentialAction\":[{\"@type\":\"ReadAction\",\"target\":[\"https:\/\/peaasi.ee\/en\/\"]}]},{\"@type\":\"ImageObject\",\"inLanguage\":\"en-US\",\"@id\":\"https:\/\/peaasi.ee\/en\/#primaryimage\",\"url\":\"https:\/\/peaasi.ee\/wp-content\/uploads\/2014\/08\/peaasi-suur.png\",\"contentUrl\":\"https:\/\/peaasi.ee\/wp-content\/uploads\/2014\/08\/peaasi-suur.png\",\"width\":1200,\"height\":630},{\"@type\":\"BreadcrumbList\",\"@id\":\"https:\/\/peaasi.ee\/en\/#breadcrumb\",\"itemListElement\":[{\"@type\":\"ListItem\",\"position\":1,\"name\":\"Home\",\"item\":\"https:\/\/peaasi.ee\/en\/\"},{\"@type\":\"ListItem\",\"position\":2,\"name\":\"Avaleht\"}]},{\"@type\":\"WebSite\",\"@id\":\"https:\/\/peaasi.ee\/#website\",\"url\":\"https:\/\/peaasi.ee\/\",\"name\":\"Peaasi.ee\",\"description\":\"Vaimse tervise organisatsioon\",\"publisher\":{\"@id\":\"https:\/\/peaasi.ee\/#organization\"},\"potentialAction\":[{\"@type\":\"SearchAction\",\"target\":{\"@type\":\"EntryPoint\",\"urlTemplate\":\"https:\/\/peaasi.ee\/?s={search_term_string}\"},\"query-input\":{\"@type\":\"PropertyValueSpecification\",\"valueRequired\":true,\"valueName\":\"search_term_string\"}}],\"inLanguage\":\"en-US\"},{\"@type\":\"Organization\",\"@id\":\"https:\/\/peaasi.ee\/#organization\",\"name\":\"Peaasi.ee\",\"alternateName\":\"Peaasjad\",\"url\":\"https:\/\/peaasi.ee\/\",\"logo\":{\"@type\":\"ImageObject\",\"inLanguage\":\"en-US\",\"@id\":\"https:\/\/peaasi.ee\/#\/schema\/logo\/image\/\",\"url\":\"https:\/\/peaasi.ee\/wp-content\/uploads\/2016\/01\/peaasi-logo.jpg\",\"contentUrl\":\"https:\/\/peaasi.ee\/wp-content\/uploads\/2016\/01\/peaasi-logo.jpg\",\"width\":500,\"height\":219,\"caption\":\"Peaasi.ee\"},\"image\":{\"@id\":\"https:\/\/peaasi.ee\/#\/schema\/logo\/image\/\"},\"sameAs\":[\"https:\/\/www.facebook.com\/Peaasi.ee\"]}]}<\/script>\n<!-- \/ Yoast SEO plugin. -->","yoast_head_json":{"title":"Peaasi.ee - Pole hullu","robots":{"index":"index","follow":"follow","max-snippet":"max-snippet:-1","max-image-preview":"max-image-preview:large","max-video-preview":"max-video-preview:-1"},"canonical":"https:\/\/peaasi.ee\/en\/","og_locale":"en_US","og_type":"article","og_title":"Peaasi.ee - Pole hullu","og_description":"Noorte vaimse tervise portaal Peaasi.ee - palju vaimse tervise alast teavet, e-n\u00f5ustamine, esmaabivahendid, ajutreeningud. Peaasi.ee toetab Eesti noorte vaimse tervise paranemist, probleemide varast m\u00e4rkamist, abi k\u00e4ttesaadavust ja varast sekkumist.","og_url":"https:\/\/peaasi.ee\/en\/","og_site_name":"Peaasi.ee","article_publisher":"https:\/\/www.facebook.com\/Peaasi.ee","article_modified_time":"2025-02-25T19:25:29+00:00","og_image":[{"width":1200,"height":630,"url":"https:\/\/peaasi.ee\/wp-content\/uploads\/2014\/08\/peaasi-suur.png","type":"image\/png"}],"twitter_card":"summary_large_image","twitter_title":"Peaasi.ee - Pole hullu","twitter_description":"Noorte vaimse tervise portaal Peaasi.ee on suunatud Eesti noorte vaimse tervise paranemisele, probleemide varasele m\u00e4rkamisele, abi k\u00e4ttesaadavuse h\u00f5lbustamisele ning varasele sekkumisele. - Vaimse tervise alane teave, e-n\u00f5ustamine, esmaabivahendid, ajutreeningud.","schema":{"@context":"https:\/\/schema.org","@graph":[{"@type":"WebPage","@id":"https:\/\/peaasi.ee\/en\/","url":"https:\/\/peaasi.ee\/en\/","name":"Peaasi.ee - Pole hullu","isPartOf":{"@id":"https:\/\/peaasi.ee\/#website"},"primaryImageOfPage":{"@id":"https:\/\/peaasi.ee\/en\/#primaryimage"},"image":{"@id":"https:\/\/peaasi.ee\/en\/#primaryimage"},"thumbnailUrl":"https:\/\/peaasi.ee\/wp-content\/uploads\/2014\/08\/peaasi-suur.png","datePublished":"2014-08-27T18:42:33+00:00","dateModified":"2025-02-25T19:25:29+00:00","breadcrumb":{"@id":"https:\/\/peaasi.ee\/en\/#breadcrumb"},"inLanguage":"en-US","potentialAction":[{"@type":"ReadAction","target":["https:\/\/peaasi.ee\/en\/"]}]},{"@type":"ImageObject","inLanguage":"en-US","@id":"https:\/\/peaasi.ee\/en\/#primaryimage","url":"https:\/\/peaasi.ee\/wp-content\/uploads\/2014\/08\/peaasi-suur.png","contentUrl":"https:\/\/peaasi.ee\/wp-content\/uploads\/2014\/08\/peaasi-suur.png","width":1200,"height":630},{"@type":"BreadcrumbList","@id":"https:\/\/peaasi.ee\/en\/#breadcrumb","itemListElement":[{"@type":"ListItem","position":1,"name":"Home","item":"https:\/\/peaasi.ee\/en\/"},{"@type":"ListItem","position":2,"name":"Avaleht"}]},{"@type":"WebSite","@id":"https:\/\/peaasi.ee\/#website","url":"https:\/\/peaasi.ee\/","name":"Peaasi.ee","description":"Vaimse tervise organisatsioon","publisher":{"@id":"https:\/\/peaasi.ee\/#organization"},"potentialAction":[{"@type":"SearchAction","target":{"@type":"EntryPoint","urlTemplate":"https:\/\/peaasi.ee\/?s={search_term_string}"},"query-input":{"@type":"PropertyValueSpecification","valueRequired":true,"valueName":"search_term_string"}}],"inLanguage":"en-US"},{"@type":"Organization","@id":"https:\/\/peaasi.ee\/#organization","name":"Peaasi.ee","alternateName":"Peaasjad","url":"https:\/\/peaasi.ee\/","logo":{"@type":"ImageObject","inLanguage":"en-US","@id":"https:\/\/peaasi.ee\/#\/schema\/logo\/image\/","url":"https:\/\/peaasi.ee\/wp-content\/uploads\/2016\/01\/peaasi-logo.jpg","contentUrl":"https:\/\/peaasi.ee\/wp-content\/uploads\/2016\/01\/peaasi-logo.jpg","width":500,"height":219,"caption":"Peaasi.ee"},"image":{"@id":"https:\/\/peaasi.ee\/#\/schema\/logo\/image\/"},"sameAs":["https:\/\/www.facebook.com\/Peaasi.ee"]}]}},"_links":{"self":[{"href":"https:\/\/peaasi.ee\/en\/wp-json\/wp\/v2\/pages\/7813","targetHints":{"allow":["GET"]}}],"collection":[{"href":"https:\/\/peaasi.ee\/en\/wp-json\/wp\/v2\/pages"}],"about":[{"href":"https:\/\/peaasi.ee\/en\/wp-json\/wp\/v2\/types\/page"}],"author":[{"embeddable":true,"href":"https:\/\/peaasi.ee\/en\/wp-json\/wp\/v2\/users\/2"}],"replies":[{"embeddable":true,"href":"https:\/\/peaasi.ee\/en\/wp-json\/wp\/v2\/comments?post=7813"}],"version-history":[{"count":5,"href":"https:\/\/peaasi.ee\/en\/wp-json\/wp\/v2\/pages\/7813\/revisions"}],"predecessor-version":[{"id":21450,"href":"https:\/\/peaasi.ee\/en\/wp-json\/wp\/v2\/pages\/7813\/revisions\/21450"}],"wp:featuredmedia":[{"embeddable":true,"href":"https:\/\/peaasi.ee\/en\/wp-json\/wp\/v2\/media\/22005"}],"wp:attachment":[{"href":"https:\/\/peaasi.ee\/en\/wp-json\/wp\/v2\/media?parent=7813"}],"curies":[{"name":"wp","href":"https:\/\/api.w.org\/{rel}","templated":true}]}}