{"id":7613,"date":"2020-11-04T13:21:45","date_gmt":"2020-11-04T11:21:45","guid":{"rendered":"https:\/\/peaasi.ee\/?page_id=7613\/"},"modified":"2020-11-04T13:35:55","modified_gmt":"2020-11-04T11:35:55","slug":"meist","status":"publish","type":"page","link":"https:\/\/peaasi.ee\/en\/meist\/","title":{"rendered":"About us"},"content":{"rendered":"<div class=\"wpb-content-wrapper\"><div id=\"fb-root\"><\/div>\n[vc_row][vc_column][vc_column_text]<b>The tasks of MT\u00dc Peaasjad include the promotion of young people\u2019s mental health, the prevention of problems, early intervention, and the reduction of stigmatisation in our society.<\/b><\/p>\n<p>&nbsp;<\/p>\n<p><b>Who is Peaasjad?<\/b><\/p>\n<p><span style=\"font-weight: 400;\">MT\u00dc Peaasjad connects people who care about mental health. The core of Peaasjad consists of mental health and youth work specialists, consultants, and supporters from different fields. Members of Peaasjad are united by their enthusiasm about, interest in, and respect for all things human. We aspire to address mental health issues in a way that is understanding, knowledgeable, and flexible, but also optimistic, more light-hearted, and more open.<\/span><\/p>\n<p><b>What do we wish to achieve?<\/b><\/p>\n<p><span style=\"font-weight: 400;\">Just as our head is an important and normal part of our body, our mental health forms a part of our quality of life. We wish for mental health to be a visible and normal as a part our lives, just like our head is part of our body. We want everyone to know that they have mental health, which they should consider important and care for.<\/span><\/p>\n<p><span style=\"font-weight: 400;\">We carry everything that goes on in our heads with us. Each of us has a head and it is our right, opportunity, and responsibility to use it in the best possible way.<\/span><\/p>\n<p><span style=\"font-weight: 400;\">There are many good and useful ways of caring for the head and mental health that really work, both around the world as well as in Estonia. We want people to have the opportunity to take advantage of them and discuss them with each other.<\/span><\/p>\n<p><span style=\"font-weight: 400;\">We want less people to endure the suffering caused by mental disorders.<\/span><\/p>\n<p><span style=\"font-weight: 400;\">Currently, only one third of people who suffer from depression seek professional help. Anxiety disorders can often ruin several decades of a person\u2019s life because they are not recognised and treated appropriately. People suffer from psychosis for years before they find help.<\/span><\/p>\n<p><span style=\"font-weight: 400;\">The stigmatisation of mental disorders cripples a significant percentage of the population of Estonia, making them more helpless and more ill.<\/span><\/p>\n<p><span style=\"font-weight: 400;\">It is known that early intervention can help to either prevent mental health disorders or to reduce their negative effects. Anyone can make themselves feel better. It is only a matter of finding the right tools for the job.<\/span><\/p>\n[\/vc_column_text][\/vc_column][\/vc_row][vc_row][vc_column][vc_cta_button call_text=&#8221;Mental health is a human right. We grant access to toolbox, to take care of it.&#8221; color=&#8221;btn-info&#8221; size=&#8221;btn-large&#8221; css_animation=&#8221;appear&#8221;][\/vc_column][\/vc_row][vc_row][vc_column][vc_column_text]\n[\/vc_column_text][\/vc_column][\/vc_row][vc_row][vc_column][vc_column_text]\n<p>&nbsp;<\/p>\n<p><b>What are we going to do to achieve it?<\/b><\/p>\n<p><span style=\"font-weight: 400;\">We are going to make relevant, up-to-date, and evidence-based information available to everyone.<\/span><\/p>\n<p><span style=\"font-weight: 400;\">In order to achieve this:<\/span><\/p>\n<ul>\n<li style=\"font-weight: 400;\"><span style=\"font-weight: 400;\">We have developed the portal Peaasi.ee, which has an e-counselling function.<\/span><\/li>\n<li style=\"font-weight: 400;\"><span style=\"font-weight: 400;\">We are developing up-to-date services to make mental health help more accessible.<\/span><\/li>\n<li style=\"font-weight: 400;\"><span style=\"font-weight: 400;\">We provide trainings for young people, people who work with young people, companies, and other interested parties.<\/span><\/li>\n<li style=\"font-weight: 400;\"><span style=\"font-weight: 400;\">We use every opportunity to start public conversations about mental health.<\/span><\/li>\n<li style=\"font-weight: 400;\"><span style=\"font-weight: 400;\">We are curious and dedicated to always learning and improving to carry out high-quality, well-thought-out activities.<\/span><\/li>\n<\/ul>\n[\/vc_column_text][vc_cta_button call_text=&#8221;Donate to Peaasi:<br \/>\nMT\u00dc Peaasjad EE262200221054190282 Swedbank<br \/>\nPeaasjad kasutavad annetusi Eesti noorte vaimse tervise parandamise huvides. Peaasjad on kantud tulumaksusoodustusega MT\u00dcde nimekirja. Annetuste kasutamisel j\u00e4rgime Annetuste kogumise hea tava. Kui Sul on konkreetne suund v\u00f5i m\u00f5te, mille jaoks v\u00f5iksime annetust kasutada, kirjuta meile: peaasi@peaasi.ee.&#8221; color=&#8221;btn-info&#8221; size=&#8221;btn-large&#8221; css_animation=&#8221;appear&#8221;][vc_column_text]MT\u00dc Peaasjad, asutatud aastal 2009.<\/p>\n<p>reg nr: 80295357<\/p>\n<p>Address: Maneezi 3, Tallinn, 10117<\/p>\n<p>Email: peaasi@peaasi.ee<\/p>\n<p>Phone: +372 52 58 156<\/p>\n[\/vc_column_text][\/vc_column][\/vc_row][vc_row][vc_column][vc_single_image image=&#8221;5457&#8243; onclick=&#8221;custom_link&#8221; link=&#8221;https:\/\/heakodanik.ee\/annetuste-kogumise-hea-tava\/&#8221;][\/vc_column][\/vc_row][vc_row][vc_column][vc_btn title=&#8221;L\u00e4htume oma tegevustes vaba\u00fchenduste eetikakoodeksist&#8221; link=&#8221;url:https%3A%2F%2Fheakodanik.ee%2Fvabauhenduste-eetikakoodeks%2F%3Ffbclid%3DIwAR2knvcTErSl1Guf8BTHlfefRWYBCL8VrgDWbGKzJ3VA5TL3CqMfbeDaKCs|||&#8221;][\/vc_column][\/vc_row][vc_row][vc_column][vc_btn title=&#8221;Tutvu Peaasjade p\u00f5hikirja ja majandusaasta aruannetega&#8221; color=&#8221;info&#8221; link=&#8221;url:https%3A%2F%2Fpeaasi.ee%2Fmeist%2Fmtu-peaasjad-pohikiri-ja-majandusaasta-aruanded%2F|||&#8221;][\/vc_column][\/vc_row]\n<\/div>","protected":false},"excerpt":{"rendered":"<p>[vc_row][vc_column][vc_column_text]The tasks of MT\u00dc Peaasjad include the promotion of young people\u2019s mental health, the prevention of problems, early intervention, and the reduction of stigmatisation in our society. &nbsp; Who is Peaasjad? MT\u00dc Peaasjad connects people who care about mental health. The core of Peaasjad consists of mental health and youth work specialists, consultants, and supporters<\/p>\n","protected":false},"author":6,"featured_media":0,"parent":0,"menu_order":40,"comment_status":"closed","ping_status":"closed","template":"","meta":{"_monsterinsights_skip_tracking":false,"_monsterinsights_sitenote_active":false,"_monsterinsights_sitenote_note":"","_monsterinsights_sitenote_category":0,"footnotes":""},"class_list":["post-7613","page","type-page","status-publish","hentry"],"yoast_head":"<!-- This site is optimized with the Yoast SEO plugin v27.0 - https:\/\/yoast.com\/product\/yoast-seo-wordpress\/ -->\n<title>About us &#8211; Peaasi.ee<\/title>\n<meta name=\"robots\" content=\"index, follow, max-snippet:-1, max-image-preview:large, max-video-preview:-1\" \/>\n<link rel=\"canonical\" href=\"https:\/\/peaasi.ee\/en\/meist\/\" \/>\n<meta property=\"og:locale\" content=\"en_US\" \/>\n<meta property=\"og:type\" content=\"article\" \/>\n<meta property=\"og:title\" content=\"About us &#8211; Peaasi.ee\" \/>\n<meta property=\"og:description\" content=\"[vc_row][vc_column][vc_column_text]The tasks of MT\u00dc Peaasjad include the promotion of young people\u2019s mental health, the prevention of problems, early intervention, and the reduction of stigmatisation in our society. &nbsp; Who is Peaasjad? MT\u00dc Peaasjad connects people who care about mental health. The core of Peaasjad consists of mental health and youth work specialists, consultants, and supporters\" \/>\n<meta property=\"og:url\" content=\"https:\/\/peaasi.ee\/en\/meist\/\" \/>\n<meta property=\"og:site_name\" content=\"Peaasi.ee\" \/>\n<meta property=\"article:publisher\" content=\"https:\/\/www.facebook.com\/Peaasi.ee\" \/>\n<meta property=\"article:modified_time\" content=\"2020-11-04T11:35:55+00:00\" \/>\n<meta name=\"twitter:card\" content=\"summary_large_image\" \/>\n<script type=\"application\/ld+json\" class=\"yoast-schema-graph\">{\"@context\":\"https:\/\/schema.org\",\"@graph\":[{\"@type\":\"WebPage\",\"@id\":\"https:\/\/peaasi.ee\/en\/meist\/\",\"url\":\"https:\/\/peaasi.ee\/en\/meist\/\",\"name\":\"About us &#8211; Peaasi.ee\",\"isPartOf\":{\"@id\":\"https:\/\/peaasi.ee\/#website\"},\"datePublished\":\"2020-11-04T11:21:45+00:00\",\"dateModified\":\"2020-11-04T11:35:55+00:00\",\"breadcrumb\":{\"@id\":\"https:\/\/peaasi.ee\/en\/meist\/#breadcrumb\"},\"inLanguage\":\"en-US\",\"potentialAction\":[{\"@type\":\"ReadAction\",\"target\":[\"https:\/\/peaasi.ee\/en\/meist\/\"]}]},{\"@type\":\"BreadcrumbList\",\"@id\":\"https:\/\/peaasi.ee\/en\/meist\/#breadcrumb\",\"itemListElement\":[{\"@type\":\"ListItem\",\"position\":1,\"name\":\"Home\",\"item\":\"https:\/\/peaasi.ee\/en\/\"},{\"@type\":\"ListItem\",\"position\":2,\"name\":\"About us\"}]},{\"@type\":\"WebSite\",\"@id\":\"https:\/\/peaasi.ee\/#website\",\"url\":\"https:\/\/peaasi.ee\/\",\"name\":\"Peaasi.ee\",\"description\":\"Vaimse tervise organisatsioon\",\"publisher\":{\"@id\":\"https:\/\/peaasi.ee\/#organization\"},\"potentialAction\":[{\"@type\":\"SearchAction\",\"target\":{\"@type\":\"EntryPoint\",\"urlTemplate\":\"https:\/\/peaasi.ee\/?s={search_term_string}\"},\"query-input\":{\"@type\":\"PropertyValueSpecification\",\"valueRequired\":true,\"valueName\":\"search_term_string\"}}],\"inLanguage\":\"en-US\"},{\"@type\":\"Organization\",\"@id\":\"https:\/\/peaasi.ee\/#organization\",\"name\":\"Peaasi.ee\",\"alternateName\":\"Peaasjad\",\"url\":\"https:\/\/peaasi.ee\/\",\"logo\":{\"@type\":\"ImageObject\",\"inLanguage\":\"en-US\",\"@id\":\"https:\/\/peaasi.ee\/#\/schema\/logo\/image\/\",\"url\":\"https:\/\/peaasi.ee\/wp-content\/uploads\/2016\/01\/peaasi-logo.jpg\",\"contentUrl\":\"https:\/\/peaasi.ee\/wp-content\/uploads\/2016\/01\/peaasi-logo.jpg\",\"width\":500,\"height\":219,\"caption\":\"Peaasi.ee\"},\"image\":{\"@id\":\"https:\/\/peaasi.ee\/#\/schema\/logo\/image\/\"},\"sameAs\":[\"https:\/\/www.facebook.com\/Peaasi.ee\"]}]}<\/script>\n<!-- \/ Yoast SEO plugin. -->","yoast_head_json":{"title":"About us &#8211; Peaasi.ee","robots":{"index":"index","follow":"follow","max-snippet":"max-snippet:-1","max-image-preview":"max-image-preview:large","max-video-preview":"max-video-preview:-1"},"canonical":"https:\/\/peaasi.ee\/en\/meist\/","og_locale":"en_US","og_type":"article","og_title":"About us &#8211; Peaasi.ee","og_description":"[vc_row][vc_column][vc_column_text]The tasks of MT\u00dc Peaasjad include the promotion of young people\u2019s mental health, the prevention of problems, early intervention, and the reduction of stigmatisation in our society. &nbsp; Who is Peaasjad? MT\u00dc Peaasjad connects people who care about mental health. The core of Peaasjad consists of mental health and youth work specialists, consultants, and supporters","og_url":"https:\/\/peaasi.ee\/en\/meist\/","og_site_name":"Peaasi.ee","article_publisher":"https:\/\/www.facebook.com\/Peaasi.ee","article_modified_time":"2020-11-04T11:35:55+00:00","twitter_card":"summary_large_image","schema":{"@context":"https:\/\/schema.org","@graph":[{"@type":"WebPage","@id":"https:\/\/peaasi.ee\/en\/meist\/","url":"https:\/\/peaasi.ee\/en\/meist\/","name":"About us &#8211; Peaasi.ee","isPartOf":{"@id":"https:\/\/peaasi.ee\/#website"},"datePublished":"2020-11-04T11:21:45+00:00","dateModified":"2020-11-04T11:35:55+00:00","breadcrumb":{"@id":"https:\/\/peaasi.ee\/en\/meist\/#breadcrumb"},"inLanguage":"en-US","potentialAction":[{"@type":"ReadAction","target":["https:\/\/peaasi.ee\/en\/meist\/"]}]},{"@type":"BreadcrumbList","@id":"https:\/\/peaasi.ee\/en\/meist\/#breadcrumb","itemListElement":[{"@type":"ListItem","position":1,"name":"Home","item":"https:\/\/peaasi.ee\/en\/"},{"@type":"ListItem","position":2,"name":"About us"}]},{"@type":"WebSite","@id":"https:\/\/peaasi.ee\/#website","url":"https:\/\/peaasi.ee\/","name":"Peaasi.ee","description":"Vaimse tervise organisatsioon","publisher":{"@id":"https:\/\/peaasi.ee\/#organization"},"potentialAction":[{"@type":"SearchAction","target":{"@type":"EntryPoint","urlTemplate":"https:\/\/peaasi.ee\/?s={search_term_string}"},"query-input":{"@type":"PropertyValueSpecification","valueRequired":true,"valueName":"search_term_string"}}],"inLanguage":"en-US"},{"@type":"Organization","@id":"https:\/\/peaasi.ee\/#organization","name":"Peaasi.ee","alternateName":"Peaasjad","url":"https:\/\/peaasi.ee\/","logo":{"@type":"ImageObject","inLanguage":"en-US","@id":"https:\/\/peaasi.ee\/#\/schema\/logo\/image\/","url":"https:\/\/peaasi.ee\/wp-content\/uploads\/2016\/01\/peaasi-logo.jpg","contentUrl":"https:\/\/peaasi.ee\/wp-content\/uploads\/2016\/01\/peaasi-logo.jpg","width":500,"height":219,"caption":"Peaasi.ee"},"image":{"@id":"https:\/\/peaasi.ee\/#\/schema\/logo\/image\/"},"sameAs":["https:\/\/www.facebook.com\/Peaasi.ee"]}]}},"_links":{"self":[{"href":"https:\/\/peaasi.ee\/en\/wp-json\/wp\/v2\/pages\/7613","targetHints":{"allow":["GET"]}}],"collection":[{"href":"https:\/\/peaasi.ee\/en\/wp-json\/wp\/v2\/pages"}],"about":[{"href":"https:\/\/peaasi.ee\/en\/wp-json\/wp\/v2\/types\/page"}],"author":[{"embeddable":true,"href":"https:\/\/peaasi.ee\/en\/wp-json\/wp\/v2\/users\/6"}],"replies":[{"embeddable":true,"href":"https:\/\/peaasi.ee\/en\/wp-json\/wp\/v2\/comments?post=7613"}],"version-history":[{"count":0,"href":"https:\/\/peaasi.ee\/en\/wp-json\/wp\/v2\/pages\/7613\/revisions"}],"wp:attachment":[{"href":"https:\/\/peaasi.ee\/en\/wp-json\/wp\/v2\/media?parent=7613"}],"curies":[{"name":"wp","href":"https:\/\/api.w.org\/{rel}","templated":true}]}}